{"id":51795,"date":"2024-03-13T05:48:23","date_gmt":"2024-03-13T05:48:23","guid":{"rendered":"https:\/\/staging.nbg.eu\/product\/bore-tech-c4-carbon-remover-4-oz\/"},"modified":"2024-09-13T10:07:36","modified_gmt":"2024-09-13T10:07:36","slug":"bore-tech-c4-kohlenstoff-entferner-4-oz","status":"publish","type":"product","link":"https:\/\/staging.nbg.eu\/de\/produkt\/bore-tech-c4-kohlenstoff-entferner-4-oz\/","title":{"rendered":"Bore Tech C4 Kohlenstoff-Entferner &#8211; 4 Oz"},"content":{"rendered":"<div class=\"product-description\">\n<h2>Bore Tech C4 Kohleentferner &#8211; 118 ml<\/h2>\n<p>Bore Tech C4 Kohleentferner entfernt Kohlenstoffablagerungen. Die Formel beseitigt starke Kohlenstoffverschmutzungen ohne Gefahrstoffe, Giftstoffe oder Ger\u00fcche. Sie ist f\u00fcr L\u00e4ufe sicher, ungef\u00e4hrlich und ammoniakfrei. Geeignet f\u00fcr L\u00e4ufe, Verschlusstr\u00e4ger und andere Teile.<\/p>\n<\/div>\n","protected":false},"excerpt":{"rendered":"<p>Leistungsstarker, sicherer Kohler\u00fcckstandsentferner f\u00fcr Schusswaffen. Schnell und effektiv.<\/p>\n","protected":false},"featured_media":7743,"template":"","meta":{"_acf_changed":false},"product_brand":[11154],"product_cat":[12102,12088],"product_tag":[],"class_list":{"0":"post-51795","1":"product","2":"type-product","3":"status-publish","4":"has-post-thumbnail","6":"product_brand-boretech","7":"product_cat-reiniger","8":"product_cat-waffenreinigung","10":"first","11":"instock","12":"taxable","13":"shipping-taxable","14":"purchasable","15":"product-type-variable","16":"wvs-archive-product-wrapper"},"acf":[],"_links":{"self":[{"href":"https:\/\/staging.nbg.eu\/de\/wp-json\/wp\/v2\/product\/51795","targetHints":{"allow":["GET"]}}],"collection":[{"href":"https:\/\/staging.nbg.eu\/de\/wp-json\/wp\/v2\/product"}],"about":[{"href":"https:\/\/staging.nbg.eu\/de\/wp-json\/wp\/v2\/types\/product"}],"wp:featuredmedia":[{"embeddable":true,"href":"https:\/\/staging.nbg.eu\/de\/wp-json\/wp\/v2\/media\/7743"}],"wp:attachment":[{"href":"https:\/\/staging.nbg.eu\/de\/wp-json\/wp\/v2\/media?parent=51795"}],"wp:term":[{"taxonomy":"product_brand","embeddable":true,"href":"https:\/\/staging.nbg.eu\/de\/wp-json\/wp\/v2\/product_brand?post=51795"},{"taxonomy":"product_cat","embeddable":true,"href":"https:\/\/staging.nbg.eu\/de\/wp-json\/wp\/v2\/product_cat?post=51795"},{"taxonomy":"product_tag","embeddable":true,"href":"https:\/\/staging.nbg.eu\/de\/wp-json\/wp\/v2\/product_tag?post=51795"}],"curies":[{"name":"wp","href":"https:\/\/api.w.org\/{rel}","templated":true}]}}