{"id":51671,"date":"2024-03-14T09:15:35","date_gmt":"2024-09-13T10:04:59","guid":{"rendered":"https:\/\/staging.nbg.eu\/product\/boretech-nylon-chamber-brush-multiple-calibers\/"},"modified":"2024-09-13T10:05:48","modified_gmt":"2024-09-13T10:05:48","slug":"boretech-nylon-kammerbuerste-mehrere-kaliber","status":"publish","type":"product","link":"https:\/\/staging.nbg.eu\/de\/produkt\/boretech-nylon-kammerbuerste-mehrere-kaliber\/","title":{"rendered":"BoreTech Nylon Kammerb\u00fcrste (Mehrere Kaliber)"},"content":{"rendered":"<div class=\"product-description\">\n<h2>BoreTech Nylon Kammerb\u00fcrste (Verschiedene Kaliber)<\/h2>\n<p>Bore Tech&#8217;s Nylon Kammerb\u00fcrsten sind sicher und effektiv. Diese kammersicheren B\u00fcrsten haben folgende Eigenschaften:<\/p>\n<ul>\n<li>Kompatibel mit schnell wirkenden Kupferreinigern<\/li>\n<li>Verst\u00e4rkte Reinigungswirkung durch zus\u00e4tzliche Nylonborsten<\/li>\n<li>Angepasste Borstendurchmesser f\u00fcr jedes Kaliber<\/li>\n<li>Nicht-Messing, doppelt gewickelter B\u00fcrstenkern mit Schlaufenende<\/li>\n<li>Aluminiumstifte f\u00fcr Haltbarkeit<\/li>\n<\/ul>\n<p>Vermeidet falsche Kupferablagerungsanzeigen und blaue Flecken, die mit Phosphorbronzeb\u00fcrsten verbunden sind. Erh\u00e4ltlich in Einzelpackungen f\u00fcr .223\/5.56mm AR-15 und .308\/7.62mm AR-10.<\/p>\n<p>Bore Tech erm\u00f6glicht eine schnellere und effizientere Kammerreinigung ohne die Integrit\u00e4t der Waffe zu beeintr\u00e4chtigen.<\/p>\n<\/div>\n","protected":false},"excerpt":{"rendered":"<p>Sichere, langlebige Nylonkammerb\u00fcrste f\u00fcr effiziente Waffenreinigung.<\/p>\n","protected":false},"featured_media":7762,"template":"","meta":{"_acf_changed":false},"product_brand":[11154],"product_cat":[12115,12088],"product_tag":[],"class_list":{"0":"post-51671","1":"product","2":"type-product","3":"status-publish","4":"has-post-thumbnail","6":"product_brand-boretech","7":"product_cat-buersten","8":"product_cat-waffenreinigung","9":"pa_model-ar-10-de","10":"pa_model-ar-15-de","12":"first","13":"instock","14":"taxable","15":"shipping-taxable","16":"purchasable","17":"product-type-variable","18":"wvs-archive-product-wrapper"},"acf":[],"_links":{"self":[{"href":"https:\/\/staging.nbg.eu\/de\/wp-json\/wp\/v2\/product\/51671","targetHints":{"allow":["GET"]}}],"collection":[{"href":"https:\/\/staging.nbg.eu\/de\/wp-json\/wp\/v2\/product"}],"about":[{"href":"https:\/\/staging.nbg.eu\/de\/wp-json\/wp\/v2\/types\/product"}],"wp:featuredmedia":[{"embeddable":true,"href":"https:\/\/staging.nbg.eu\/de\/wp-json\/wp\/v2\/media\/7762"}],"wp:attachment":[{"href":"https:\/\/staging.nbg.eu\/de\/wp-json\/wp\/v2\/media?parent=51671"}],"wp:term":[{"taxonomy":"product_brand","embeddable":true,"href":"https:\/\/staging.nbg.eu\/de\/wp-json\/wp\/v2\/product_brand?post=51671"},{"taxonomy":"product_cat","embeddable":true,"href":"https:\/\/staging.nbg.eu\/de\/wp-json\/wp\/v2\/product_cat?post=51671"},{"taxonomy":"product_tag","embeddable":true,"href":"https:\/\/staging.nbg.eu\/de\/wp-json\/wp\/v2\/product_tag?post=51671"}],"curies":[{"name":"wp","href":"https:\/\/api.w.org\/{rel}","templated":true}]}}