{"id":51532,"date":"2024-03-15T05:39:44","date_gmt":"2024-09-13T09:59:16","guid":{"rendered":"https:\/\/staging.nbg.eu\/product\/bore-tech-bullet-knock-out-set\/"},"modified":"2024-09-13T10:00:03","modified_gmt":"2024-09-13T10:00:03","slug":"bore-tech-bullet-knock-out-set","status":"publish","type":"product","link":"https:\/\/staging.nbg.eu\/de\/produkt\/bore-tech-bullet-knock-out-set\/","title":{"rendered":"Bore Tech Bullet Knock-out Set"},"content":{"rendered":"<p>Das <strong>Bore Tech Bullet Knock-out Set<\/strong> ist ein Werkzeug f\u00fcr Sch\u00fctzen. Dieses Set enth\u00e4lt 4 bearbeitete Messingspitzen, die entwickelt wurden, um festsitzende Geschosse oder H\u00fclsen zu entfernen, ohne den Putzstock zu besch\u00e4digen. Es ist kompatibel mit Gewehren und Pistolen von Kaliber .17 bis .50.<\/p>\n","protected":false},"excerpt":{"rendered":"<p>Unverzichtbares Werkzeug zum Entfernen festsitzender Geschosse. 4 Messingspitzen, Kaliber .17-.50.<\/p>\n","protected":false},"featured_media":7821,"template":"","meta":{"_acf_changed":false},"product_brand":[11154],"product_cat":[12115,12088],"product_tag":[],"class_list":{"0":"post-51532","1":"product","2":"type-product","3":"status-publish","4":"has-post-thumbnail","6":"product_brand-boretech","7":"product_cat-buersten","8":"product_cat-waffenreinigung","10":"first","11":"instock","12":"taxable","13":"shipping-taxable","14":"purchasable","15":"product-type-simple"},"acf":[],"_links":{"self":[{"href":"https:\/\/staging.nbg.eu\/de\/wp-json\/wp\/v2\/product\/51532","targetHints":{"allow":["GET"]}}],"collection":[{"href":"https:\/\/staging.nbg.eu\/de\/wp-json\/wp\/v2\/product"}],"about":[{"href":"https:\/\/staging.nbg.eu\/de\/wp-json\/wp\/v2\/types\/product"}],"wp:featuredmedia":[{"embeddable":true,"href":"https:\/\/staging.nbg.eu\/de\/wp-json\/wp\/v2\/media\/7821"}],"wp:attachment":[{"href":"https:\/\/staging.nbg.eu\/de\/wp-json\/wp\/v2\/media?parent=51532"}],"wp:term":[{"taxonomy":"product_brand","embeddable":true,"href":"https:\/\/staging.nbg.eu\/de\/wp-json\/wp\/v2\/product_brand?post=51532"},{"taxonomy":"product_cat","embeddable":true,"href":"https:\/\/staging.nbg.eu\/de\/wp-json\/wp\/v2\/product_cat?post=51532"},{"taxonomy":"product_tag","embeddable":true,"href":"https:\/\/staging.nbg.eu\/de\/wp-json\/wp\/v2\/product_tag?post=51532"}],"curies":[{"name":"wp","href":"https:\/\/api.w.org\/{rel}","templated":true}]}}