{"id":51343,"date":"2024-03-15T07:47:20","date_gmt":"2024-09-13T09:49:46","guid":{"rendered":"https:\/\/staging.nbg.eu\/product\/boretech-eliminator-4-oz\/"},"modified":"2024-09-13T09:50:39","modified_gmt":"2024-09-13T09:50:39","slug":"boretech-eliminator-4-oz","status":"publish","type":"product","link":"https:\/\/staging.nbg.eu\/de\/produkt\/boretech-eliminator-4-oz\/","title":{"rendered":"BoreTech Eliminator &#8211; 4 Oz"},"content":{"rendered":"<div class=\"product-description\">\n<h2>BoreTech Eliminator &#8211; 118 ml<\/h2>\n<p>Der BoreTech Eliminator\u2122 Laufreiniger ist ein patentiertes, schnell wirkendes und laufsicheres Produkt. Hauptmerkmale sind:<\/p>\n<ul>\n<li>100% laufsicher und biologisch abbaubar<\/li>\n<li>Ammoniakfrei und geruchlos<\/li>\n<li>Entfernt Kohlenstoff, Kupfer, Blei und korrosive R\u00fcckst\u00e4nde<\/li>\n<li>Ungef\u00e4hrlich und benutzerfreundlich<\/li>\n<\/ul>\n<p>Die Mischung aus chemischen Tensiden l\u00f6st Kohlenstoffablagerungen und oxidiert und suspendiert gleichzeitig Kupferablagerungen. Dies verhindert eine erneute Ablagerung und gew\u00e4hrleistet eine gr\u00fcndliche Reinigung.<\/p>\n<h3>Anwendung:<\/h3>\n<ol>\n<li>3-4 Patches mit Eliminator befeuchten und in eine Richtung durch den Lauf f\u00fchren<\/li>\n<li>10-15 Durchg\u00e4nge mit einer getr\u00e4nkten Nylonb\u00fcrste machen<\/li>\n<li>Schritt 1 wiederholen und 3-5 Minuten einwirken lassen<\/li>\n<li>Trockene Patches durchf\u00fchren, bis sie sauber sind<\/li>\n<li>Bei Bedarf wiederholen<\/li>\n<li>Bore Tech Friction Guard XP Waffen\u00f6l f\u00fcr die Lagerung auftragen<\/li>\n<li>Vor Gebrauch einen trockenen Patch durchf\u00fchren<\/li>\n<\/ol>\n<p>W\u00e4hlen Sie BoreTech Eliminator f\u00fcr eine effektive Reinigung und Laufschutz.<\/p>\n<\/div>\n","protected":false},"excerpt":{"rendered":"<p>BoreTech Eliminator: Sicherer, leistungsstarker Laufreiniger. Entfernt Verschmutzungen.<\/p>\n","protected":false},"featured_media":70977,"template":"","meta":{"_acf_changed":false},"product_brand":[11154],"product_cat":[12102,12088],"product_tag":[],"class_list":{"0":"post-51343","1":"product","2":"type-product","3":"status-publish","4":"has-post-thumbnail","6":"product_brand-boretech","7":"product_cat-reiniger","8":"product_cat-waffenreinigung","10":"first","11":"instock","12":"taxable","13":"shipping-taxable","14":"purchasable","15":"product-type-variable","16":"wvs-archive-product-wrapper"},"acf":[],"_links":{"self":[{"href":"https:\/\/staging.nbg.eu\/de\/wp-json\/wp\/v2\/product\/51343","targetHints":{"allow":["GET"]}}],"collection":[{"href":"https:\/\/staging.nbg.eu\/de\/wp-json\/wp\/v2\/product"}],"about":[{"href":"https:\/\/staging.nbg.eu\/de\/wp-json\/wp\/v2\/types\/product"}],"wp:featuredmedia":[{"embeddable":true,"href":"https:\/\/staging.nbg.eu\/de\/wp-json\/wp\/v2\/media\/70977"}],"wp:attachment":[{"href":"https:\/\/staging.nbg.eu\/de\/wp-json\/wp\/v2\/media?parent=51343"}],"wp:term":[{"taxonomy":"product_brand","embeddable":true,"href":"https:\/\/staging.nbg.eu\/de\/wp-json\/wp\/v2\/product_brand?post=51343"},{"taxonomy":"product_cat","embeddable":true,"href":"https:\/\/staging.nbg.eu\/de\/wp-json\/wp\/v2\/product_cat?post=51343"},{"taxonomy":"product_tag","embeddable":true,"href":"https:\/\/staging.nbg.eu\/de\/wp-json\/wp\/v2\/product_tag?post=51343"}],"curies":[{"name":"wp","href":"https:\/\/api.w.org\/{rel}","templated":true}]}}