{"id":51239,"date":"2024-03-15T17:11:28","date_gmt":"2024-03-15T17:11:28","guid":{"rendered":"https:\/\/staging.nbg.eu\/product\/bore-tech-bore-guide-bolt-action-centerfire-8mm-416-cal\/"},"modified":"2024-09-13T09:47:46","modified_gmt":"2024-09-13T09:47:46","slug":"bore-tech-lauffuehrung-repetierbuechse-zentralfeuer-8mm416-cal","status":"publish","type":"product","link":"https:\/\/staging.nbg.eu\/de\/produkt\/bore-tech-lauffuehrung-repetierbuechse-zentralfeuer-8mm416-cal\/","title":{"rendered":"Bore Tech Lauff\u00fchrung &#8211; Repetierb\u00fcchse Zentralfeuer (8mm\/.416 Cal)"},"content":{"rendered":"<div class=\"product-description\">\n<h2>Bore Tech Laufreinigungsf\u00fchrung &#8211; Zentralfeuer-Repetierer (8mm\/.416 Kal)<\/h2>\n<p>Sch\u00fctzen Sie Ihre Waffe und Ihren Putzstock mit der Bore Tech Laufreinigungsf\u00fchrung. Dieses Werkzeug f\u00fcr Zentralfeuer-Repetierer gew\u00e4hrleistet:<\/p>\n<ul>\n<li>Genaue Ausrichtung der Putzst\u00f6cke mit dem Lauf<\/li>\n<li>Vermeidung von Sch\u00e4den an Waffe und Putzstock<\/li>\n<li>Abdichtung mit l\u00f6sungsmittelbest\u00e4ndigen Gumminocken<\/li>\n<li>Kein Auslaufen von Laufreiniger in Patronenlager und Verschluss<\/li>\n<\/ul>\n<p>Merkmale:<\/p>\n<ul>\n<li>CNC-gefertigte und spritzgegossene Komponenten<\/li>\n<li>Gr\u00fcn gekennzeichnet f\u00fcr Kaliber 8mm bis .416<\/li>\n<li>Passt f\u00fcr die meisten Repetierb\u00fcchsen<\/li>\n<li>Verbreiterte L\u00f6sungsmittel\u00f6ffnungen f\u00fcr einfache Anwendung<\/li>\n<li>Einstellbarer Verschlusskragen f\u00fcr kurze und lange Systeme<\/li>\n<\/ul>\n<p>Investieren Sie in die richtige Waffenpflege mit der Bore Tech Laufreinigungsf\u00fchrung.<\/p>\n<\/div>\n","protected":false},"excerpt":{"rendered":"<p>Pr\u00e4zises Reinigungswerkzeug f\u00fcr Repetiergewehre mit Kalibern von 8mm bis .416. Verhindert Besch\u00e4digungen.<\/p>\n","protected":false},"featured_media":7870,"template":"","meta":{"_acf_changed":false},"product_brand":[11154],"product_cat":[12047,12088],"product_tag":[],"class_list":{"0":"post-51239","1":"product","2":"type-product","3":"status-publish","4":"has-post-thumbnail","6":"product_brand-boretech","7":"product_cat-reinigungsstaebe","8":"product_cat-waffenreinigung","10":"first","11":"instock","12":"taxable","13":"shipping-taxable","14":"purchasable","15":"product-type-variable","16":"wvs-archive-product-wrapper"},"acf":[],"_links":{"self":[{"href":"https:\/\/staging.nbg.eu\/de\/wp-json\/wp\/v2\/product\/51239","targetHints":{"allow":["GET"]}}],"collection":[{"href":"https:\/\/staging.nbg.eu\/de\/wp-json\/wp\/v2\/product"}],"about":[{"href":"https:\/\/staging.nbg.eu\/de\/wp-json\/wp\/v2\/types\/product"}],"wp:featuredmedia":[{"embeddable":true,"href":"https:\/\/staging.nbg.eu\/de\/wp-json\/wp\/v2\/media\/7870"}],"wp:attachment":[{"href":"https:\/\/staging.nbg.eu\/de\/wp-json\/wp\/v2\/media?parent=51239"}],"wp:term":[{"taxonomy":"product_brand","embeddable":true,"href":"https:\/\/staging.nbg.eu\/de\/wp-json\/wp\/v2\/product_brand?post=51239"},{"taxonomy":"product_cat","embeddable":true,"href":"https:\/\/staging.nbg.eu\/de\/wp-json\/wp\/v2\/product_cat?post=51239"},{"taxonomy":"product_tag","embeddable":true,"href":"https:\/\/staging.nbg.eu\/de\/wp-json\/wp\/v2\/product_tag?post=51239"}],"curies":[{"name":"wp","href":"https:\/\/api.w.org\/{rel}","templated":true}]}}