{"id":48972,"date":"2024-07-29T18:46:44","date_gmt":"2024-09-12T16:04:26","guid":{"rendered":"https:\/\/staging.nbg.eu\/product\/horizontal-ten-speed-single-m4-mag-pouch\/"},"modified":"2024-09-12T16:05:18","modified_gmt":"2024-09-12T16:05:18","slug":"horizontale-ten-speed-einzelmagazintasche-m4","status":"publish","type":"product","link":"https:\/\/staging.nbg.eu\/de\/produkt\/horizontale-ten-speed-einzelmagazintasche-m4\/","title":{"rendered":"Horizontale Ten-Speed\u00ae Einzelmagazintasche M4"},"content":{"rendered":"<h2>Horizontale Ten-Speed\u00ae Einzelne M4 Magazintasche<\/h2>\n<p>Die horizontale Ten-Speed\u00ae M4 Magazintasche bietet eine L\u00f6sung zum Tragen von Munition. Mit einer elastischen Konstruktion ist diese Tasche f\u00fcr unbenutzte MOLLE-Gurtbandabschnitte von Plattentr\u00e4gern, Westen oder G\u00fcrteln konzipiert.<\/p>\n<ul>\n<li>Kompatibel mit 30-Schuss STANAG M4 Magazinen und den meisten 5,56 Magazinen<\/li>\n<li>Geeignet f\u00fcr gr\u00f6\u00dfere SMG-Magazine (UMP, CZ Scorpion, P90) und einige AK-74 Magazine<\/li>\n<li>Flexible Aufbewahrungsm\u00f6glichkeiten: Patronen nach oben\/unten, vorw\u00e4rts\/r\u00fcckw\u00e4rts<\/li>\n<li>Verf\u00fcgbar in MOLLE-kompatiblen Helium Whisper und G\u00fcrtel-montierten Versionen<\/li>\n<li>G\u00fcrtel-montierte Version passt auf G\u00fcrtel bis zu 2&#8243; Breite mit verstellbaren Klettverschlussbefestigungen<\/li>\n<\/ul>\n<p>Die horizontale Ten-Speed\u00ae Einzelne M4 Magazintasche bietet eine L\u00f6sung f\u00fcr effizientes Munitionsmanagement.<\/p>\n","protected":false},"excerpt":{"rendered":"<p>Vielseitige horizontale Magazintasche f\u00fcr M4\/5,56-Magazine. MOLLE- oder G\u00fcrtelanbringung.<\/p>\n","protected":false},"featured_media":21562,"template":"","meta":{"_acf_changed":false},"product_brand":[11129],"product_cat":[12074,12050,12065],"product_tag":[],"class_list":{"0":"post-48972","1":"product","2":"type-product","3":"status-publish","4":"has-post-thumbnail","6":"product_brand-blue-force-gear","7":"product_cat-ausruestung","8":"product_cat-magazinhalter","9":"product_cat-taschen","11":"first","12":"instock","13":"taxable","14":"shipping-taxable","15":"purchasable","16":"product-type-simple"},"acf":[],"_links":{"self":[{"href":"https:\/\/staging.nbg.eu\/de\/wp-json\/wp\/v2\/product\/48972","targetHints":{"allow":["GET"]}}],"collection":[{"href":"https:\/\/staging.nbg.eu\/de\/wp-json\/wp\/v2\/product"}],"about":[{"href":"https:\/\/staging.nbg.eu\/de\/wp-json\/wp\/v2\/types\/product"}],"wp:featuredmedia":[{"embeddable":true,"href":"https:\/\/staging.nbg.eu\/de\/wp-json\/wp\/v2\/media\/21562"}],"wp:attachment":[{"href":"https:\/\/staging.nbg.eu\/de\/wp-json\/wp\/v2\/media?parent=48972"}],"wp:term":[{"taxonomy":"product_brand","embeddable":true,"href":"https:\/\/staging.nbg.eu\/de\/wp-json\/wp\/v2\/product_brand?post=48972"},{"taxonomy":"product_cat","embeddable":true,"href":"https:\/\/staging.nbg.eu\/de\/wp-json\/wp\/v2\/product_cat?post=48972"},{"taxonomy":"product_tag","embeddable":true,"href":"https:\/\/staging.nbg.eu\/de\/wp-json\/wp\/v2\/product_tag?post=48972"}],"curies":[{"name":"wp","href":"https:\/\/api.w.org\/{rel}","templated":true}]}}