{"id":48618,"date":"2024-07-29T19:02:28","date_gmt":"2024-09-12T15:49:55","guid":{"rendered":"https:\/\/staging.nbg.eu\/product\/ten-speed-single-308-mag-pouch\/"},"modified":"2024-09-12T15:50:45","modified_gmt":"2024-09-12T15:50:45","slug":"ten-speed-einzelmagazintasche-308","status":"publish","type":"product","link":"https:\/\/staging.nbg.eu\/de\/produkt\/ten-speed-einzelmagazintasche-308\/","title":{"rendered":"Ten-Speed\u00ae Einzelmagazintasche 308"},"content":{"rendered":"<div class=\"product-description\">\n<h2>Ten-Speed\u00ae Einzelne 308 Mag Tasche<\/h2>\n<p>Eine L\u00f6sung zum Tragen von .308 Magazinen und mehr. Diese vielseitige Tasche nimmt ein .308 Magazin auf (kompatibel mit SR-25, SIG 716, M110, FAL, SCAR-17, NGSW, XM7) oder \u00e4hnlich gro\u00dfe Gegenst\u00e4nde wie Erste-Hilfe-Material, kleine Funkger\u00e4te oder GPS-Ger\u00e4te.<\/p>\n<h3>Hauptmerkmale:<\/h3>\n<ul>\n<li>Leichtes und flaches Design<\/li>\n<li>Elastik und ULTRAcomp\u2122 Laminat in Milit\u00e4rqualit\u00e4t<\/li>\n<li>Patentiertes Helium Whisper\u00ae Befestigungssystem<\/li>\n<li>MOLLE-kompatibel<\/li>\n<li>Verbesserte Halterung und Haltbarkeit<\/li>\n<li>60% leichter als herk\u00f6mmliche Taschen<\/li>\n<\/ul>\n<p>Die Ten-Speed\u00ae Einzelne 308 Mag Tasche bietet eine Kombination aus Geschwindigkeit und Sicherheit.<\/p>\n<\/div>\n","protected":false},"excerpt":{"rendered":"<p>Leichte, vielseitige .308-Magazintasche mit sicherer elastischer Halterung.<\/p>\n","protected":false},"featured_media":21507,"template":"","meta":{"_acf_changed":false},"product_brand":[11129],"product_cat":[12074,12050,12065],"product_tag":[],"class_list":{"0":"post-48618","1":"product","2":"type-product","3":"status-publish","4":"has-post-thumbnail","6":"product_brand-blue-force-gear","7":"product_cat-ausruestung","8":"product_cat-magazinhalter","9":"product_cat-taschen","11":"first","12":"instock","13":"taxable","14":"shipping-taxable","15":"purchasable","16":"product-type-simple"},"acf":[],"_links":{"self":[{"href":"https:\/\/staging.nbg.eu\/de\/wp-json\/wp\/v2\/product\/48618","targetHints":{"allow":["GET"]}}],"collection":[{"href":"https:\/\/staging.nbg.eu\/de\/wp-json\/wp\/v2\/product"}],"about":[{"href":"https:\/\/staging.nbg.eu\/de\/wp-json\/wp\/v2\/types\/product"}],"wp:featuredmedia":[{"embeddable":true,"href":"https:\/\/staging.nbg.eu\/de\/wp-json\/wp\/v2\/media\/21507"}],"wp:attachment":[{"href":"https:\/\/staging.nbg.eu\/de\/wp-json\/wp\/v2\/media?parent=48618"}],"wp:term":[{"taxonomy":"product_brand","embeddable":true,"href":"https:\/\/staging.nbg.eu\/de\/wp-json\/wp\/v2\/product_brand?post=48618"},{"taxonomy":"product_cat","embeddable":true,"href":"https:\/\/staging.nbg.eu\/de\/wp-json\/wp\/v2\/product_cat?post=48618"},{"taxonomy":"product_tag","embeddable":true,"href":"https:\/\/staging.nbg.eu\/de\/wp-json\/wp\/v2\/product_tag?post=48618"}],"curies":[{"name":"wp","href":"https:\/\/api.w.org\/{rel}","templated":true}]}}