{"id":48523,"date":"2024-07-30T17:57:46","date_gmt":"2024-07-30T17:57:46","guid":{"rendered":"https:\/\/staging.nbg.eu\/product\/red-dot-sight-holosun-hs503gu\/"},"modified":"2024-09-12T15:42:30","modified_gmt":"2024-09-12T15:42:30","slug":"rotpunktvisier-holosun-hs503gu","status":"publish","type":"product","link":"https:\/\/staging.nbg.eu\/de\/produkt\/rotpunktvisier-holosun-hs503gu\/","title":{"rendered":"Rotpunktvisier Holosun HS503GU"},"content":{"rendered":"<h2>Holosun HS503GU Rotpunktvisier<\/h2>\n<p>Das Holosun HS503GU Rotpunktvisier bietet folgende Eigenschaften:<\/p>\n<ul>\n<li>Kreispunkt-Absehen mit 2 MOA Punkt und 65 MOA Kreis<\/li>\n<li>Batterieplatzierung in einem aufschraubbaren Turm<\/li>\n<li>Schutzgeh\u00e4use f\u00fcr Seiten- und H\u00f6henverstellt\u00fcrme<\/li>\n<li>Batterielebensdauer bis zu 2 Jahre bei st\u00e4ndiger Nutzung<\/li>\n<li>Bewegungsaktivierte Ein-\/Ausschaltfunktion f\u00fcr l\u00e4ngere Batterielebensdauer<\/li>\n<li>LED-Technologie f\u00fcr gute Leistung<\/li>\n<li>Au\u00dfermittige Linsenpositionierung f\u00fcr Lichtreflexion<\/li>\n<li>Leichte Aluminiumkonstruktion (0,18 kg)<\/li>\n<li>Kompakte Gr\u00f6\u00dfe: 6,6 cm L x 3,8 cm B x 6,9 cm H<\/li>\n<li>1-fache Vergr\u00f6\u00dferung f\u00fcr schnelle Zielerfassung<\/li>\n<li>Kompatibel mit Picatinny-Montage<\/li>\n<\/ul>\n<p>Das HS503GU ist f\u00fcr die Jagd und taktisches Schie\u00dfen geeignet und bietet Genauigkeit und Haltbarkeit. Es verf\u00fcgt \u00fcber ein innovatives Design und optische Leistung.<\/p>\n","protected":false},"excerpt":{"rendered":"<p>Kompaktes Rotpunktvisier mit Kreis-Punkt-Absehen und langer Batterielaufzeit.<\/p>\n","protected":false},"featured_media":21384,"template":"","meta":{"_acf_changed":false},"product_brand":[11425],"product_cat":[12117,12084,12083],"product_tag":[],"class_list":{"0":"post-48523","1":"product","2":"type-product","3":"status-publish","4":"has-post-thumbnail","6":"product_brand-holosun","7":"product_cat-gewehr-rotpunkte","8":"product_cat-rotpunktvisiere","9":"product_cat-zielen","11":"first","12":"outofstock","13":"taxable","14":"shipping-taxable","15":"purchasable","16":"product-type-simple"},"acf":[],"_links":{"self":[{"href":"https:\/\/staging.nbg.eu\/de\/wp-json\/wp\/v2\/product\/48523","targetHints":{"allow":["GET"]}}],"collection":[{"href":"https:\/\/staging.nbg.eu\/de\/wp-json\/wp\/v2\/product"}],"about":[{"href":"https:\/\/staging.nbg.eu\/de\/wp-json\/wp\/v2\/types\/product"}],"wp:featuredmedia":[{"embeddable":true,"href":"https:\/\/staging.nbg.eu\/de\/wp-json\/wp\/v2\/media\/21384"}],"wp:attachment":[{"href":"https:\/\/staging.nbg.eu\/de\/wp-json\/wp\/v2\/media?parent=48523"}],"wp:term":[{"taxonomy":"product_brand","embeddable":true,"href":"https:\/\/staging.nbg.eu\/de\/wp-json\/wp\/v2\/product_brand?post=48523"},{"taxonomy":"product_cat","embeddable":true,"href":"https:\/\/staging.nbg.eu\/de\/wp-json\/wp\/v2\/product_cat?post=48523"},{"taxonomy":"product_tag","embeddable":true,"href":"https:\/\/staging.nbg.eu\/de\/wp-json\/wp\/v2\/product_tag?post=48523"}],"curies":[{"name":"wp","href":"https:\/\/api.w.org\/{rel}","templated":true}]}}