{"id":47730,"date":"2024-07-30T18:21:46","date_gmt":"2024-09-12T13:52:17","guid":{"rendered":"https:\/\/staging.nbg.eu\/product\/surefire-supressor-alighnment-rod\/"},"modified":"2024-09-12T13:53:06","modified_gmt":"2024-09-12T13:53:06","slug":"surefire-schalldaempfer-ausrichtungsstab","status":"publish","type":"product","link":"https:\/\/staging.nbg.eu\/de\/produkt\/surefire-schalldaempfer-ausrichtungsstab\/","title":{"rendered":"Surefire Schalld\u00e4mpfer Ausrichtungsstab"},"content":{"rendered":"<p style=\"text-align: center\"><span style=\"font-size: 170%\"><strong>SureFire Laufausrichtungsst\u00e4be<\/strong><\/span><\/p>\n<p>SureFire Laufst\u00e4be sind Werkzeuge zur \u00dcberpr\u00fcfung der korrekten Konzentrizit\u00e4t entlang der Geschossflugbahn beim Schie\u00dfen mit Schalld\u00e4mpfer auf einer neuen Plattform. Der Stab stellt den Geschossflugweg am genauesten dar und zeigt eventuelle Fehlausrichtungen an. SureFire empfiehlt, die Ausrichtung von Lauf zu Adapter zu Schalld\u00e4mpfer bei jedem neuen Aufbau oder bisher unbenutzten Setup zu \u00fcberpr\u00fcfen. SureFire Laufst\u00e4be sind daf\u00fcr die effektivste Methode. W\u00e4hlen Sie einfach den entsprechenden Stab f\u00fcr Ihr Gewehr- oder Karabinerkaliber.<\/p>\n<p><span style=\"color: #282828\"><strong><span style=\"font-size: 150%\">MERKMALE:<\/span><\/strong><\/span><\/p>\n<p style=\"padding-left: 40px\"><span style=\"color: #282828\"><strong>\u2588 <\/strong><\/span>Hergestellt in den USA<\/p>\n<p style=\"padding-left: 40px\"><span style=\"color: #282828\"><strong>\u2588 <\/strong><\/span>W\u00e4rmebehandelter Edelstahl<\/p>\n<p style=\"padding-left: 40px\"><span style=\"color: #282828\"><strong>\u2588 <\/strong><\/span>Zur Validierung des Aufbaus vor dem ersten Schuss<\/p>\n<p style=\"padding-left: 40px\"><span style=\"color: #282828\"><strong>\u2588 <\/strong><\/span>Pr\u00e4zisionsgefertigte St\u00e4be f\u00fcr genaue \u00dcberpr\u00fcfung<\/p>\n<p style=\"padding-left: 40px\"><span style=\"color: #282828\"><strong>\u2588 <\/strong><\/span>Pr\u00e4zisionsgefertigter Stab zeigt Abweichungen in der Ausrichtung<\/p>\n<p style=\"padding-left: 40px\"><span style=\"color: #282828\"><strong>\u2588 <\/strong><\/span>Von SureFire empfohlene Methode zur \u00dcberpr\u00fcfung der Schalld\u00e4mpferausrichtung<\/p>\n<p style=\"padding-left: 40px\"><span style=\"color: #282828\"><strong>\u2588 <\/strong><\/span>Spezifische Kaliberst\u00e4be f\u00fcr die g\u00e4ngigsten Optionen auf dem Markt<\/p>\n<p style=\"padding-left: 40px\"><span style=\"color: #282828\"><strong>\u2588 <\/strong><\/span>Gleichm\u00e4\u00dfiger Abstand zwischen Schalld\u00e4mpferbohrung und zentriertem Stab sollte sichtbar sein<\/p>\n<p style=\"padding-left: 40px\"><span style=\"color: #282828\"><strong>\u2588 <\/strong><\/span>Einfach den Stab durch den montierten Schalld\u00e4mpfer einer ungeladenen Waffe einf\u00fchren<\/p>\n<p style=\"padding-left: 40px\"><span style=\"color: #282828\"><strong>\u2588 <\/strong><\/span>Spezifische St\u00e4be f\u00fcr die g\u00e4ngigsten Kaliber verf\u00fcgbar (5,56 mm, 6,5 mm, 6,8 mm, 7,62 mm, 9 mm, .338)<\/p>\n<table width=\"595\">\n<tbody>\n<tr>\n<td colspan=\"2\" width=\"595\"><span style=\"font-size: 150%;color: #282828\"><b>HAUPTMERKMALE<\/b><\/span><\/td>\n<\/tr>\n<tr>\n<td width=\"198\"><b>KALIBER<\/b><\/td>\n<td width=\"397\">\n","protected":false},"excerpt":{"rendered":"<p><strong>SureFire Schalld\u00e4mpfer-Ausrichtungswerkzeuge<\/strong><\/p>\n","protected":false},"featured_media":5022,"template":"","meta":{"_acf_changed":false},"product_brand":[11870],"product_cat":[12042,12079,12110],"product_tag":[],"class_list":{"0":"post-47730","1":"product","2":"type-product","3":"status-publish","4":"has-post-thumbnail","6":"product_brand-surefire","7":"product_cat-schalldaempfer","8":"product_cat-schalldaempfer-zubehoer","9":"product_cat-werkzeuge","11":"first","12":"instock","13":"taxable","14":"shipping-taxable","15":"purchasable","16":"product-type-variable","17":"wvs-archive-product-wrapper"},"acf":[],"_links":{"self":[{"href":"https:\/\/staging.nbg.eu\/de\/wp-json\/wp\/v2\/product\/47730","targetHints":{"allow":["GET"]}}],"collection":[{"href":"https:\/\/staging.nbg.eu\/de\/wp-json\/wp\/v2\/product"}],"about":[{"href":"https:\/\/staging.nbg.eu\/de\/wp-json\/wp\/v2\/types\/product"}],"wp:featuredmedia":[{"embeddable":true,"href":"https:\/\/staging.nbg.eu\/de\/wp-json\/wp\/v2\/media\/5022"}],"wp:attachment":[{"href":"https:\/\/staging.nbg.eu\/de\/wp-json\/wp\/v2\/media?parent=47730"}],"wp:term":[{"taxonomy":"product_brand","embeddable":true,"href":"https:\/\/staging.nbg.eu\/de\/wp-json\/wp\/v2\/product_brand?post=47730"},{"taxonomy":"product_cat","embeddable":true,"href":"https:\/\/staging.nbg.eu\/de\/wp-json\/wp\/v2\/product_cat?post=47730"},{"taxonomy":"product_tag","embeddable":true,"href":"https:\/\/staging.nbg.eu\/de\/wp-json\/wp\/v2\/product_tag?post=47730"}],"curies":[{"name":"wp","href":"https:\/\/api.w.org\/{rel}","templated":true}]}}