{"id":47227,"date":"2024-07-30T18:50:58","date_gmt":"2024-09-12T13:12:24","guid":{"rendered":"https:\/\/staging.nbg.eu\/product\/surefire-b12-lithium-polymer-battery\/"},"modified":"2024-09-12T13:13:06","modified_gmt":"2024-09-12T13:13:06","slug":"surefire-b12-lithium-polymer-batterie","status":"publish","type":"product","link":"https:\/\/staging.nbg.eu\/de\/produkt\/surefire-b12-lithium-polymer-batterie\/","title":{"rendered":"SureFire B12 LITHIUM POLYMER BATTERIE"},"content":{"rendered":"<div class=\"product-description\">\n<h2>SureFire B12 LITHIUM-POLYMER-AKKU<\/h2>\n<p>Versorgen Sie Ihre SureFire XSC-Serie Mikro-Kompakt-Waffenlichter mit dem B12 Lithium-Polymer-Akku. Dieser abnehmbare, wiederaufladbare Akku ist f\u00fcr schnelle Wechsel konzipiert, ohne das XSC von Ihrer Pistole entfernen zu m\u00fcssen.<\/p>\n<ul>\n<li>Speziell f\u00fcr SureFire XSC Waffenlichter entwickelt<\/li>\n<li>Bietet bis zu 30 Minuten Laufzeit bei 350 Lumen<\/li>\n<li>Ladestandsanzeige per Knopfdruck f\u00fcr schnelle \u00dcberpr\u00fcfungen<\/li>\n<li>Kompatibel mit SureFires CH21 Ladeschale zum einfachen Aufladen<\/li>\n<li>Kosteng\u00fcnstige L\u00f6sung f\u00fcr langfristigen Gebrauch<\/li>\n<\/ul>\n<p>Der SureFire B12 ist die zuverl\u00e4ssige Stromquelle f\u00fcr Ihr XSC Waffenlicht.<\/p>\n<\/div>\n","protected":false},"excerpt":{"rendered":"<p>Wiederaufladbarer Akku f\u00fcr SureFire XSC Waffenleuchten. Schneller Wechsel, 30 Minuten Laufzeit.<\/p>\n","protected":false},"featured_media":21161,"template":"","meta":{"_acf_changed":false},"product_brand":[11870],"product_cat":[12046,12098],"product_tag":[],"class_list":{"0":"post-47227","1":"product","2":"type-product","3":"status-publish","4":"has-post-thumbnail","6":"product_brand-surefire","7":"product_cat-batterien","8":"product_cat-lampen","10":"first","11":"instock","12":"taxable","13":"shipping-taxable","14":"purchasable","15":"product-type-simple"},"acf":[],"_links":{"self":[{"href":"https:\/\/staging.nbg.eu\/de\/wp-json\/wp\/v2\/product\/47227","targetHints":{"allow":["GET"]}}],"collection":[{"href":"https:\/\/staging.nbg.eu\/de\/wp-json\/wp\/v2\/product"}],"about":[{"href":"https:\/\/staging.nbg.eu\/de\/wp-json\/wp\/v2\/types\/product"}],"wp:featuredmedia":[{"embeddable":true,"href":"https:\/\/staging.nbg.eu\/de\/wp-json\/wp\/v2\/media\/21161"}],"wp:attachment":[{"href":"https:\/\/staging.nbg.eu\/de\/wp-json\/wp\/v2\/media?parent=47227"}],"wp:term":[{"taxonomy":"product_brand","embeddable":true,"href":"https:\/\/staging.nbg.eu\/de\/wp-json\/wp\/v2\/product_brand?post=47227"},{"taxonomy":"product_cat","embeddable":true,"href":"https:\/\/staging.nbg.eu\/de\/wp-json\/wp\/v2\/product_cat?post=47227"},{"taxonomy":"product_tag","embeddable":true,"href":"https:\/\/staging.nbg.eu\/de\/wp-json\/wp\/v2\/product_tag?post=47227"}],"curies":[{"name":"wp","href":"https:\/\/api.w.org\/{rel}","templated":true}]}}