{"id":46783,"date":"2024-07-30T19:41:53","date_gmt":"2024-09-12T12:04:23","guid":{"rendered":"https:\/\/staging.nbg.eu\/product\/iosso-pistol-brush\/"},"modified":"2024-09-12T12:05:37","modified_gmt":"2024-09-12T12:05:37","slug":"iosso-pistolen-buerste","status":"publish","type":"product","link":"https:\/\/staging.nbg.eu\/de\/produkt\/iosso-pistolen-buerste\/","title":{"rendered":"Iosso Pistolen B\u00fcrste"},"content":{"rendered":"<p>\nDie <strong>Iosso Pistolenb\u00fcrste<\/strong> ist ein Laufreinigungswerkzeug:<\/p>\n<ul>\n<li>Blaue Fasern zur Identifikation<\/li>\n<li>Dickere, steifere Borsten f\u00fcr Vor- und R\u00fcckw\u00e4rtsbewegung<\/li>\n<li>8-10 Mal haltbarer als herk\u00f6mmliche B\u00fcrsten<\/li>\n<li>Eng gewickelt mit mehr Fasern pro Zoll<\/li>\n<li>Geeignet f\u00fcr Verwendung mit Iosso Laufreiniger und Dreifach-Wirkungsl\u00f6sung<\/li>\n<li>Entfernt alle Arten von Verschmutzungen<\/li>\n<li>Verk\u00fcrzt die Reinigungszeit f\u00fcr einen sauberen Lauf<\/li>\n<\/ul>\n<p>Erh\u00e4ltlich in verschiedenen Waffengr\u00f6\u00dfen. Blaue B\u00fcrsten sind ein Warenzeichen von Iosso Products.<\/p>\n","protected":false},"excerpt":{"rendered":"<p>Langlebige kobaltblaue Pistolenb\u00fcrste f\u00fcr eine effiziente und gr\u00fcndliche Laufreinigung.<\/p>\n","protected":false},"featured_media":107491,"template":"","meta":{"_acf_changed":false},"product_brand":[11483],"product_cat":[12115,12088],"product_tag":[],"class_list":{"0":"post-46783","1":"product","2":"type-product","3":"status-publish","4":"has-post-thumbnail","6":"product_brand-iosso","7":"product_cat-buersten","8":"product_cat-waffenreinigung","10":"first","11":"instock","12":"taxable","13":"shipping-taxable","14":"purchasable","15":"product-type-variable","16":"wvs-archive-product-wrapper"},"acf":[],"_links":{"self":[{"href":"https:\/\/staging.nbg.eu\/de\/wp-json\/wp\/v2\/product\/46783","targetHints":{"allow":["GET"]}}],"collection":[{"href":"https:\/\/staging.nbg.eu\/de\/wp-json\/wp\/v2\/product"}],"about":[{"href":"https:\/\/staging.nbg.eu\/de\/wp-json\/wp\/v2\/types\/product"}],"wp:featuredmedia":[{"embeddable":true,"href":"https:\/\/staging.nbg.eu\/de\/wp-json\/wp\/v2\/media\/107491"}],"wp:attachment":[{"href":"https:\/\/staging.nbg.eu\/de\/wp-json\/wp\/v2\/media?parent=46783"}],"wp:term":[{"taxonomy":"product_brand","embeddable":true,"href":"https:\/\/staging.nbg.eu\/de\/wp-json\/wp\/v2\/product_brand?post=46783"},{"taxonomy":"product_cat","embeddable":true,"href":"https:\/\/staging.nbg.eu\/de\/wp-json\/wp\/v2\/product_cat?post=46783"},{"taxonomy":"product_tag","embeddable":true,"href":"https:\/\/staging.nbg.eu\/de\/wp-json\/wp\/v2\/product_tag?post=46783"}],"curies":[{"name":"wp","href":"https:\/\/api.w.org\/{rel}","templated":true}]}}