{"id":46074,"date":"2024-08-03T09:01:48","date_gmt":"2024-09-11T09:29:29","guid":{"rendered":"https:\/\/staging.nbg.eu\/product\/rh-sharky-iwb-holster\/"},"modified":"2024-09-11T09:30:27","modified_gmt":"2024-09-11T09:30:27","slug":"rh-sharky-iwb-holster","status":"publish","type":"product","link":"https:\/\/staging.nbg.eu\/de\/produkt\/rh-sharky-iwb-holster\/","title":{"rendered":"RH Sharky IWB Holster"},"content":{"rendered":"<p>Der RH Sharky IWB Holster bietet Tragekomfort f\u00fcr verdecktes Tragen. Merkmale sind:<\/p>\n<ul>\n<li>Vakuumgepresste Konstruktion<\/li>\n<li>Doppelclip f\u00fcr sicheren Halt<\/li>\n<li>Einstellbare Neigung und H\u00f6he<\/li>\n<li>Geeignet f\u00fcr Rotpunktvisiere und verl\u00e4ngerte L\u00e4ufe<\/li>\n<li>Integrierter Haken f\u00fcr bessere Verdeckung<\/li>\n<li>Griffanpassung f\u00fcr individuelle Passform<\/li>\n<\/ul>\n<p>Dieser Holster f\u00fcr das Tragen innerhalb des Hosenbundes bietet Komfort und Vielseitigkeit.<\/p>\n","protected":false},"excerpt":{"rendered":"<p>Sichere, verstellbare IWB-Holster f\u00fcr verdecktes Tragen mit Rotpunktvisier.<\/p>\n","protected":false},"featured_media":20532,"template":"","meta":{"_acf_changed":false},"product_brand":[11634],"product_cat":[12061,12048],"product_tag":[],"class_list":{"0":"post-46074","1":"product","2":"type-product","3":"status-publish","4":"has-post-thumbnail","6":"product_brand-rh-holsters","7":"product_cat-holster","8":"product_cat-taktisches-holster","9":"pa_clips-monoblock-de","10":"pa_light-surefire-x300-ultra-a-de","11":"pa_light-without-light-de","12":"pa_model-glock-17-de","13":"pa_model-glock-43x-de","14":"pa_strong-hand-left-de","15":"pa_strong-hand-right-de","17":"first","18":"instock","19":"taxable","20":"shipping-taxable","21":"purchasable","22":"product-type-variable","23":"wvs-archive-product-wrapper"},"acf":[],"_links":{"self":[{"href":"https:\/\/staging.nbg.eu\/de\/wp-json\/wp\/v2\/product\/46074","targetHints":{"allow":["GET"]}}],"collection":[{"href":"https:\/\/staging.nbg.eu\/de\/wp-json\/wp\/v2\/product"}],"about":[{"href":"https:\/\/staging.nbg.eu\/de\/wp-json\/wp\/v2\/types\/product"}],"wp:featuredmedia":[{"embeddable":true,"href":"https:\/\/staging.nbg.eu\/de\/wp-json\/wp\/v2\/media\/20532"}],"wp:attachment":[{"href":"https:\/\/staging.nbg.eu\/de\/wp-json\/wp\/v2\/media?parent=46074"}],"wp:term":[{"taxonomy":"product_brand","embeddable":true,"href":"https:\/\/staging.nbg.eu\/de\/wp-json\/wp\/v2\/product_brand?post=46074"},{"taxonomy":"product_cat","embeddable":true,"href":"https:\/\/staging.nbg.eu\/de\/wp-json\/wp\/v2\/product_cat?post=46074"},{"taxonomy":"product_tag","embeddable":true,"href":"https:\/\/staging.nbg.eu\/de\/wp-json\/wp\/v2\/product_tag?post=46074"}],"curies":[{"name":"wp","href":"https:\/\/api.w.org\/{rel}","templated":true}]}}