{"id":45931,"date":"2024-08-03T17:10:30","date_gmt":"2024-08-03T14:10:30","guid":{"rendered":"https:\/\/staging.nbg.eu\/product\/rh-classic-iwb-holster\/"},"modified":"2025-10-20T11:58:53","modified_gmt":"2025-10-20T08:58:53","slug":"rh-classic-iwb-holster","status":"publish","type":"product","link":"https:\/\/staging.nbg.eu\/de\/produkt\/rh-classic-iwb-holster\/","title":{"rendered":"RH Classic IWB Holster"},"content":{"rendered":"<p>Das RH Classic IWB Holster bietet Tragekomfort f\u00fcr verdecktes Tragen. Merkmale sind:<\/p>\n<ul>\n<li>Vakuumgepresstes Kydex f\u00fcr genaue Waffenpassform<\/li>\n<li>Einstellbarer Griff und Neigung<\/li>\n<li>Optionale Klauen- und ERC-Aufs\u00e4tze<\/li>\n<li>Schlankes Profil f\u00fcr minimale Abzeichnung<\/li>\n<li>Handgeschnittene Kanten f\u00fcr Komfort<\/li>\n<li>Einteilige Konstruktion<\/li>\n<li>Offenes Bodendesign f\u00fcr Vielseitigkeit<\/li>\n<\/ul>\n<p>Geeignet f\u00fcr unauff\u00e4lliges, t\u00e4gliches Tragen.<\/p>\n","protected":false},"excerpt":{"rendered":"<p>Schlankes IWB-Holster: Verstellbar, f\u00fcr verdecktes Tragen mit Klauen- und ERC-Optionen.<\/p>\n","protected":false},"featured_media":20657,"template":"","meta":{"_acf_changed":false},"product_brand":[11634],"product_cat":[12061,12048],"product_tag":[],"class_list":{"0":"post-45931","1":"product","2":"type-product","3":"status-publish","4":"has-post-thumbnail","6":"product_brand-rh-holsters","7":"product_cat-holster","8":"product_cat-taktisches-holster","9":"pa_belt-size-40mm-de","10":"pa_claw-with-aiwb-de","11":"pa_claw-without-standard-de","12":"pa_clips-flushclip-de","13":"pa_light-surefire-x300-ultra-a-de","14":"pa_light-surefire-x300-a","15":"pa_light-without-light-de","16":"pa_model-glock-17-de","17":"pa_model-glock-19-34","18":"pa_model-glock-19-23-32-de","19":"pa_model-glock-26-27-de","20":"pa_strong-hand-right-de","22":"first","23":"instock","24":"taxable","25":"shipping-taxable","26":"purchasable","27":"product-type-variable","28":"wvs-archive-product-wrapper"},"acf":[],"_links":{"self":[{"href":"https:\/\/staging.nbg.eu\/de\/wp-json\/wp\/v2\/product\/45931","targetHints":{"allow":["GET"]}}],"collection":[{"href":"https:\/\/staging.nbg.eu\/de\/wp-json\/wp\/v2\/product"}],"about":[{"href":"https:\/\/staging.nbg.eu\/de\/wp-json\/wp\/v2\/types\/product"}],"wp:featuredmedia":[{"embeddable":true,"href":"https:\/\/staging.nbg.eu\/de\/wp-json\/wp\/v2\/media\/20657"}],"wp:attachment":[{"href":"https:\/\/staging.nbg.eu\/de\/wp-json\/wp\/v2\/media?parent=45931"}],"wp:term":[{"taxonomy":"product_brand","embeddable":true,"href":"https:\/\/staging.nbg.eu\/de\/wp-json\/wp\/v2\/product_brand?post=45931"},{"taxonomy":"product_cat","embeddable":true,"href":"https:\/\/staging.nbg.eu\/de\/wp-json\/wp\/v2\/product_cat?post=45931"},{"taxonomy":"product_tag","embeddable":true,"href":"https:\/\/staging.nbg.eu\/de\/wp-json\/wp\/v2\/product_tag?post=45931"}],"curies":[{"name":"wp","href":"https:\/\/api.w.org\/{rel}","templated":true}]}}