{"id":45789,"date":"2024-08-03T14:31:50","date_gmt":"2024-09-10T15:01:03","guid":{"rendered":"https:\/\/staging.nbg.eu\/product\/rh-frogy-owb-holster\/"},"modified":"2024-09-10T15:02:00","modified_gmt":"2024-09-10T15:02:00","slug":"rh-frogy-owb-holster","status":"publish","type":"product","link":"https:\/\/staging.nbg.eu\/de\/produkt\/rh-frogy-owb-holster\/","title":{"rendered":"RH Frogy OWB Holster"},"content":{"rendered":"<div class=\"product-description\">\n<h2>RH Frogy OWB Holster<\/h2>\n<p>Erleben Sie \u00fcberlegenes verdecktes Tragen mit dem RH Frogy OWB Holster. Dieses f\u00fcr das Tragen au\u00dferhalb des Hosenbundes konzipierte Holster bietet folgende Merkmale:<\/p>\n<ul>\n<li>Einzigartige Konstruktion mit integriertem Druckmerkmal f\u00fcr bessere Waffenverbergung<\/li>\n<li>Komfortables Tragen durch raumf\u00fcllendes Design unter dem G\u00fcrtel f\u00fcr stabile Positionierung<\/li>\n<li>Vakuumgepresstes 2,5 mm dickes Kydex mit Rippung f\u00fcr erh\u00f6hte Haltbarkeit und Steifigkeit<\/li>\n<li>Handpolierte Kanten f\u00fcr maximalen Komfort<\/li>\n<li>Angewinkelte Waffenpositionierung f\u00fcr verbesserte Verbergung und Ziehbewegung<\/li>\n<li>Einstellbarer Griff und Neigung<\/li>\n<li>Kompatibel mit Rotpunktvisieren und verl\u00e4ngerten L\u00e4ufen\/Gewinden<\/li>\n<\/ul>\n<p>Pr\u00e4zise geformt und aus einem einzigen St\u00fcck Kydex gefertigt, bietet dieses Holster optimale Verbergung und Komfort. Das offene Design erm\u00f6glicht eine einfache Reinigung und ist f\u00fcr verschiedene Waffenmodifikationen geeignet.<\/p>\n<\/div>\n","protected":false},"excerpt":{"rendered":"<p>RH Frogy OWB Holster: Verdecktes, komfortables, verstellbares Kydex-Holster zum Tragen au\u00dferhalb des Hosenbundes.<\/p>\n","protected":false},"featured_media":20761,"template":"","meta":{"_acf_changed":false},"product_brand":[11634],"product_cat":[12061,12099,12048],"product_tag":[],"class_list":{"0":"post-45789","1":"product","2":"type-product","3":"status-publish","4":"has-post-thumbnail","6":"product_brand-rh-holsters","7":"product_cat-holster","8":"product_cat-sportholster","9":"product_cat-taktisches-holster","10":"pa_belt-size-40mm-de","11":"pa_model-glock-17-de","12":"pa_model-glock-19-23-32-de","13":"pa_strong-hand-right-de","15":"first","16":"instock","17":"taxable","18":"shipping-taxable","19":"purchasable","20":"product-type-variable","21":"wvs-archive-product-wrapper"},"acf":[],"_links":{"self":[{"href":"https:\/\/staging.nbg.eu\/de\/wp-json\/wp\/v2\/product\/45789","targetHints":{"allow":["GET"]}}],"collection":[{"href":"https:\/\/staging.nbg.eu\/de\/wp-json\/wp\/v2\/product"}],"about":[{"href":"https:\/\/staging.nbg.eu\/de\/wp-json\/wp\/v2\/types\/product"}],"wp:featuredmedia":[{"embeddable":true,"href":"https:\/\/staging.nbg.eu\/de\/wp-json\/wp\/v2\/media\/20761"}],"wp:attachment":[{"href":"https:\/\/staging.nbg.eu\/de\/wp-json\/wp\/v2\/media?parent=45789"}],"wp:term":[{"taxonomy":"product_brand","embeddable":true,"href":"https:\/\/staging.nbg.eu\/de\/wp-json\/wp\/v2\/product_brand?post=45789"},{"taxonomy":"product_cat","embeddable":true,"href":"https:\/\/staging.nbg.eu\/de\/wp-json\/wp\/v2\/product_cat?post=45789"},{"taxonomy":"product_tag","embeddable":true,"href":"https:\/\/staging.nbg.eu\/de\/wp-json\/wp\/v2\/product_tag?post=45789"}],"curies":[{"name":"wp","href":"https:\/\/api.w.org\/{rel}","templated":true}]}}