{"id":45703,"date":"2024-08-03T14:57:22","date_gmt":"2024-09-10T14:56:42","guid":{"rendered":"https:\/\/staging.nbg.eu\/product\/rh-sport-pistol-mag-holder\/"},"modified":"2024-09-10T14:57:41","modified_gmt":"2024-09-10T14:57:41","slug":"rh-sport-pistolen-magazinhalter","status":"publish","type":"product","link":"https:\/\/staging.nbg.eu\/de\/produkt\/rh-sport-pistolen-magazinhalter\/","title":{"rendered":"RH Sport Pistolen Magazinhalter"},"content":{"rendered":"<p>Der RH Sport Pistolen-Magazinhalter ist eine hochwertige L\u00f6sung zum Tragen au\u00dferhalb des Hosenbundes f\u00fcr verdecktes Tragen und den Einsatz auf dem Schie\u00dfstand. Eigenschaften:<\/p>\n<ul>\n<li>Vakuumgepresste 2mm Kydex-Konstruktion<\/li>\n<li>Pr\u00e4zise Passform f\u00fcr das Tragen von einem oder zwei Magazinen<\/li>\n<li>Scharfe Pr\u00e4gungen mit glatten, handgeschnittenen Kanten<\/li>\n<li>Langlebige Hohlnietenkonstruktion<\/li>\n<li>Einfache Zug\u00e4nglichkeit f\u00fcr schnelles Nachladen<\/li>\n<\/ul>\n<p>Entwickelt f\u00fcr Komfort und Zuverl\u00e4ssigkeit, ist er der perfekte Begleiter f\u00fcr Ihre Schusswaffe.<\/p>\n","protected":false},"excerpt":{"rendered":"<p>Sicherer OWB Kydex-Magazinhalter f\u00fcr schnellen Zugriff auf dem Schie\u00dfstand oder beim verdeckten Tragen.<\/p>\n","protected":false},"featured_media":20875,"template":"","meta":{"_acf_changed":false},"product_brand":[11634],"product_cat":[12061,12050],"product_tag":[],"class_list":{"0":"post-45703","1":"product","2":"type-product","3":"status-publish","4":"has-post-thumbnail","6":"product_brand-rh-holsters","7":"product_cat-holster","8":"product_cat-magazinhalter","9":"pa_model-kmr-spectra-de","10":"pa_strong-hand-right-de","12":"first","13":"instock","14":"taxable","15":"shipping-taxable","16":"purchasable","17":"product-type-variable","18":"wvs-archive-product-wrapper"},"acf":[],"_links":{"self":[{"href":"https:\/\/staging.nbg.eu\/de\/wp-json\/wp\/v2\/product\/45703","targetHints":{"allow":["GET"]}}],"collection":[{"href":"https:\/\/staging.nbg.eu\/de\/wp-json\/wp\/v2\/product"}],"about":[{"href":"https:\/\/staging.nbg.eu\/de\/wp-json\/wp\/v2\/types\/product"}],"wp:featuredmedia":[{"embeddable":true,"href":"https:\/\/staging.nbg.eu\/de\/wp-json\/wp\/v2\/media\/20875"}],"wp:attachment":[{"href":"https:\/\/staging.nbg.eu\/de\/wp-json\/wp\/v2\/media?parent=45703"}],"wp:term":[{"taxonomy":"product_brand","embeddable":true,"href":"https:\/\/staging.nbg.eu\/de\/wp-json\/wp\/v2\/product_brand?post=45703"},{"taxonomy":"product_cat","embeddable":true,"href":"https:\/\/staging.nbg.eu\/de\/wp-json\/wp\/v2\/product_cat?post=45703"},{"taxonomy":"product_tag","embeddable":true,"href":"https:\/\/staging.nbg.eu\/de\/wp-json\/wp\/v2\/product_tag?post=45703"}],"curies":[{"name":"wp","href":"https:\/\/api.w.org\/{rel}","templated":true}]}}