{"id":45472,"date":"2024-08-16T17:57:18","date_gmt":"2024-09-10T14:26:10","guid":{"rendered":"https:\/\/staging.nbg.eu\/product\/clips-ulticlip-3\/"},"modified":"2024-09-19T05:41:32","modified_gmt":"2024-09-19T05:41:32","slug":"clips-ulticlip-3","status":"publish","type":"product","link":"https:\/\/staging.nbg.eu\/de\/produkt\/clips-ulticlip-3\/","title":{"rendered":"Clips Ulticlip 3+"},"content":{"rendered":"<div class=\"product-description\">\n<h2>Clips Ulticlip 3+: Ultimative Verdeckung und Halterung<\/h2>\n<p>Erleben Sie unvergleichliche Verdeckung und Halterung mit dem Ulticlip3+. Dieser zu 100% in Amerika hergestellte Clip bietet:<\/p>\n<ul>\n<li>\u00dcberlegene g\u00fcrtellose Trageoptionen<\/li>\n<li>Schwarzoxid-Oberfl\u00e4che in Milit\u00e4rqualit\u00e4t<\/li>\n<li>W\u00e4rmebehandelter C-1075 Federstahl (RC 42-49)<\/li>\n<li>Wachs-\/\u00d6lbehandlung f\u00fcr reibungslosen Betrieb und Rostschutz<\/li>\n<li>\u00dcber 10-fache Halterung im Vergleich zu Standard-Holsterclips<\/li>\n<\/ul>\n<p>Der Ulticlip3+ verf\u00fcgt \u00fcber eine flache Montagefl\u00e4che mit 2 Schlitzen und 1 Loch, die vielseitige Befestigungsm\u00f6glichkeiten mit bis zu 1,70&#8243; Lochabstand erm\u00f6glicht. Mit nur 3,5&#8243; x 7\/8&#8243; und einem Gewicht von nur 0,78 oz bietet er ein minimales Profil bei maximaler Verdeckung.<\/p>\n<p>Verbessern Sie Ihr Tragesystem noch heute mit dem Ulticlip3+!<\/p>\n<\/div>\n","protected":false},"excerpt":{"rendered":"<p>Sichere, schlanke Klammer f\u00fcr g\u00fcrtellose Trageweise. Mehrere Befestigungsm\u00f6glichkeiten.<\/p>\n","protected":false},"featured_media":22718,"template":"","meta":{"_acf_changed":false},"product_brand":[],"product_cat":[12074,12094],"product_tag":[],"class_list":{"0":"post-45472","1":"product","2":"type-product","3":"status-publish","4":"has-post-thumbnail","6":"product_cat-ausruestung","7":"product_cat-holsterzubehoer","9":"first","10":"instock","11":"taxable","12":"shipping-taxable","13":"purchasable","14":"product-type-simple"},"acf":[],"_links":{"self":[{"href":"https:\/\/staging.nbg.eu\/de\/wp-json\/wp\/v2\/product\/45472","targetHints":{"allow":["GET"]}}],"collection":[{"href":"https:\/\/staging.nbg.eu\/de\/wp-json\/wp\/v2\/product"}],"about":[{"href":"https:\/\/staging.nbg.eu\/de\/wp-json\/wp\/v2\/types\/product"}],"wp:featuredmedia":[{"embeddable":true,"href":"https:\/\/staging.nbg.eu\/de\/wp-json\/wp\/v2\/media\/22718"}],"wp:attachment":[{"href":"https:\/\/staging.nbg.eu\/de\/wp-json\/wp\/v2\/media?parent=45472"}],"wp:term":[{"taxonomy":"product_brand","embeddable":true,"href":"https:\/\/staging.nbg.eu\/de\/wp-json\/wp\/v2\/product_brand?post=45472"},{"taxonomy":"product_cat","embeddable":true,"href":"https:\/\/staging.nbg.eu\/de\/wp-json\/wp\/v2\/product_cat?post=45472"},{"taxonomy":"product_tag","embeddable":true,"href":"https:\/\/staging.nbg.eu\/de\/wp-json\/wp\/v2\/product_tag?post=45472"}],"curies":[{"name":"wp","href":"https:\/\/api.w.org\/{rel}","templated":true}]}}