{"id":45175,"date":"2024-08-18T09:26:06","date_gmt":"2024-09-10T13:11:38","guid":{"rendered":"https:\/\/staging.nbg.eu\/product\/premium-belt-security-loop\/"},"modified":"2024-09-10T13:12:20","modified_gmt":"2024-09-10T13:12:20","slug":"premium-guertel-sicherheitsschlaufe","status":"publish","type":"product","link":"https:\/\/staging.nbg.eu\/de\/produkt\/premium-guertel-sicherheitsschlaufe\/","title":{"rendered":"Premium G\u00fcrtel Sicherheitsschlaufe"},"content":{"rendered":"<p>Sichern Sie Ihren G\u00fcrtel mit der DAA Premium G\u00fcrtel-Sicherheitsschlaufe. Gummiert f\u00fcr Komfort und Grip, h\u00e4lt sie Ihren G\u00fcrtel auch bei intensiven Schie\u00dfsessions an Ort und Stelle. Passt auf die meisten Standardg\u00fcrtel.<\/p>\n","protected":false},"excerpt":{"rendered":"<p>Sicherer G\u00fcrtelhalter: Gummierter Griff, verhindert Verrutschen, passt auf Standardg\u00fcrtel.<\/p>\n","protected":false},"featured_media":26097,"template":"","meta":{"_acf_changed":false},"product_brand":[11263],"product_cat":[12074,12077],"product_tag":[],"class_list":{"0":"post-45175","1":"product","2":"type-product","3":"status-publish","4":"has-post-thumbnail","6":"product_brand-doublealpha","7":"product_cat-ausruestung","8":"product_cat-sportguertel","10":"first","11":"instock","12":"taxable","13":"shipping-taxable","14":"purchasable","15":"product-type-simple"},"acf":[],"_links":{"self":[{"href":"https:\/\/staging.nbg.eu\/de\/wp-json\/wp\/v2\/product\/45175","targetHints":{"allow":["GET"]}}],"collection":[{"href":"https:\/\/staging.nbg.eu\/de\/wp-json\/wp\/v2\/product"}],"about":[{"href":"https:\/\/staging.nbg.eu\/de\/wp-json\/wp\/v2\/types\/product"}],"wp:featuredmedia":[{"embeddable":true,"href":"https:\/\/staging.nbg.eu\/de\/wp-json\/wp\/v2\/media\/26097"}],"wp:attachment":[{"href":"https:\/\/staging.nbg.eu\/de\/wp-json\/wp\/v2\/media?parent=45175"}],"wp:term":[{"taxonomy":"product_brand","embeddable":true,"href":"https:\/\/staging.nbg.eu\/de\/wp-json\/wp\/v2\/product_brand?post=45175"},{"taxonomy":"product_cat","embeddable":true,"href":"https:\/\/staging.nbg.eu\/de\/wp-json\/wp\/v2\/product_cat?post=45175"},{"taxonomy":"product_tag","embeddable":true,"href":"https:\/\/staging.nbg.eu\/de\/wp-json\/wp\/v2\/product_tag?post=45175"}],"curies":[{"name":"wp","href":"https:\/\/api.w.org\/{rel}","templated":true}]}}