{"id":45153,"date":"2024-08-18T09:26:36","date_gmt":"2024-08-18T09:26:36","guid":{"rendered":"https:\/\/staging.nbg.eu\/product\/daa-magnet-cover\/"},"modified":"2024-09-10T12:57:51","modified_gmt":"2024-09-10T12:57:51","slug":"daa-magnet-abdeckung","status":"publish","type":"product","link":"https:\/\/staging.nbg.eu\/de\/produkt\/daa-magnet-abdeckung\/","title":{"rendered":"DAA Magnet Abdeckung"},"content":{"rendered":"<p>\nDer DAA Magnet Cover: Eine stilvolle, langlebige Nylonabdeckung f\u00fcr 48-mm-Magnete. Mit einem magnetischen Stahllogo von DAA. Reduziert unerw\u00fcnschte magnetische Anziehungskraft bei gleichzeitiger Erhaltung der Funktionalit\u00e4t.<\/p>\n","protected":false},"excerpt":{"rendered":"<p>Stilvolle, sch\u00fctzende Abdeckung f\u00fcr DAA 48mm Magnete. Reduziert die magnetische Anziehungskraft.<\/p>\n","protected":false},"featured_media":26120,"template":"","meta":{"_acf_changed":false},"product_brand":[11263],"product_cat":[12061,12094],"product_tag":[],"class_list":{"0":"post-45153","1":"product","2":"type-product","3":"status-publish","4":"has-post-thumbnail","6":"product_brand-doublealpha","7":"product_cat-holster","8":"product_cat-holsterzubehoer","10":"first","11":"instock","12":"taxable","13":"shipping-taxable","14":"purchasable","15":"product-type-simple"},"acf":[],"_links":{"self":[{"href":"https:\/\/staging.nbg.eu\/de\/wp-json\/wp\/v2\/product\/45153","targetHints":{"allow":["GET"]}}],"collection":[{"href":"https:\/\/staging.nbg.eu\/de\/wp-json\/wp\/v2\/product"}],"about":[{"href":"https:\/\/staging.nbg.eu\/de\/wp-json\/wp\/v2\/types\/product"}],"wp:featuredmedia":[{"embeddable":true,"href":"https:\/\/staging.nbg.eu\/de\/wp-json\/wp\/v2\/media\/26120"}],"wp:attachment":[{"href":"https:\/\/staging.nbg.eu\/de\/wp-json\/wp\/v2\/media?parent=45153"}],"wp:term":[{"taxonomy":"product_brand","embeddable":true,"href":"https:\/\/staging.nbg.eu\/de\/wp-json\/wp\/v2\/product_brand?post=45153"},{"taxonomy":"product_cat","embeddable":true,"href":"https:\/\/staging.nbg.eu\/de\/wp-json\/wp\/v2\/product_cat?post=45153"},{"taxonomy":"product_tag","embeddable":true,"href":"https:\/\/staging.nbg.eu\/de\/wp-json\/wp\/v2\/product_tag?post=45153"}],"curies":[{"name":"wp","href":"https:\/\/api.w.org\/{rel}","templated":true}]}}