{"id":45131,"date":"2024-08-18T09:27:28","date_gmt":"2024-09-10T12:42:20","guid":{"rendered":"https:\/\/staging.nbg.eu\/product\/dillon-precision-daa-223-fast-flow-powder-funnel\/"},"modified":"2024-09-10T12:43:02","modified_gmt":"2024-09-10T12:43:02","slug":"dillon-precision-daa-223-schnellfluss-pulvertrichter","status":"publish","type":"product","link":"https:\/\/staging.nbg.eu\/de\/produkt\/dillon-precision-daa-223-schnellfluss-pulvertrichter\/","title":{"rendered":"Dillon Precision &#8211; Daa .223 Schnellfluss Pulvertrichter"},"content":{"rendered":"<div class=\"product-description\">\n<h2>Dillon Precision &#8211; DAA .223 Schnellflusspulvertrichter<\/h2>\n<p>Verbessern Sie Ihr .223 Wiederladen-Erlebnis mit dem DAA .223 Schnellflusstrichter. Entwickelt in Zusammenarbeit mit dem Luft- und Raumfahrtsystemingenieur Andrew Murrell, CSEP, verbessert dieser Trichter die Konsistenz des Pulverflusses und reduziert die Br\u00fcckenbildung von Stab- oder Flockenpulvern.<\/p>\n<ul>\n<li>Aus SUS303 Edelstahl gefertigt<\/li>\n<li>Elektropolierte Spiegeloberfl\u00e4che<\/li>\n<li>Ausgezeichnete Rostbest\u00e4ndigkeit und Verschlei\u00dffestigkeit<\/li>\n<li>Einzigartige innere Trichterform f\u00fcr besseren Pulverfluss<\/li>\n<li>Kompatibel mit Dillon Pulverdosierern<\/li>\n<\/ul>\n<p>Erleben Sie den Unterschied mit unserem pr\u00e4zisionsgefertigten Trichter, der enge Toleranzen und eine glasglatte Oberfl\u00e4che f\u00fcr ultimative Leistung und Pulverfluss bietet.<\/p>\n<\/div>\n","protected":false},"excerpt":{"rendered":"<p>Optimierter .223 Pulvertrichter f\u00fcr gleichm\u00e4\u00dfiges, br\u00fcckenfreies Nachladen.<\/p>\n","protected":false},"featured_media":26235,"template":"","meta":{"_acf_changed":false},"product_brand":[11263],"product_cat":[12103,12057],"product_tag":[],"class_list":{"0":"post-45131","1":"product","2":"type-product","3":"status-publish","4":"has-post-thumbnail","6":"product_brand-doublealpha","7":"product_cat-wiederladen","8":"product_cat-wiederladen-zubehoer","10":"first","11":"instock","12":"taxable","13":"shipping-taxable","14":"purchasable","15":"product-type-simple"},"acf":[],"_links":{"self":[{"href":"https:\/\/staging.nbg.eu\/de\/wp-json\/wp\/v2\/product\/45131","targetHints":{"allow":["GET"]}}],"collection":[{"href":"https:\/\/staging.nbg.eu\/de\/wp-json\/wp\/v2\/product"}],"about":[{"href":"https:\/\/staging.nbg.eu\/de\/wp-json\/wp\/v2\/types\/product"}],"wp:featuredmedia":[{"embeddable":true,"href":"https:\/\/staging.nbg.eu\/de\/wp-json\/wp\/v2\/media\/26235"}],"wp:attachment":[{"href":"https:\/\/staging.nbg.eu\/de\/wp-json\/wp\/v2\/media?parent=45131"}],"wp:term":[{"taxonomy":"product_brand","embeddable":true,"href":"https:\/\/staging.nbg.eu\/de\/wp-json\/wp\/v2\/product_brand?post=45131"},{"taxonomy":"product_cat","embeddable":true,"href":"https:\/\/staging.nbg.eu\/de\/wp-json\/wp\/v2\/product_cat?post=45131"},{"taxonomy":"product_tag","embeddable":true,"href":"https:\/\/staging.nbg.eu\/de\/wp-json\/wp\/v2\/product_tag?post=45131"}],"curies":[{"name":"wp","href":"https:\/\/api.w.org\/{rel}","templated":true}]}}