{"id":45109,"date":"2024-08-18T09:27:48","date_gmt":"2024-09-10T12:34:28","guid":{"rendered":"https:\/\/staging.nbg.eu\/product\/thigh-pad-for-flex-alpha-x-racer-x-holsters\/"},"modified":"2024-09-10T12:35:09","modified_gmt":"2024-09-10T12:35:09","slug":"oberschenkelpolster-fuer-flex-alpha-x-racer-x-holster","status":"publish","type":"product","link":"https:\/\/staging.nbg.eu\/de\/produkt\/oberschenkelpolster-fuer-flex-alpha-x-racer-x-holster\/","title":{"rendered":"Oberschenkelpolster f\u00fcr Flex \/ Alpha-X \/ Racer-X Holster"},"content":{"rendered":"<div class=\"product-description\">\n<h2>DAA Oberschenkelauflage f\u00fcr Flex \/ Alpha-X \/ Racer-X Holster<\/h2>\n<p>Verbessern Sie Ihr Schie\u00dferlebnis mit der DAA Oberschenkelauflage, kompatibel mit Alpha-X, Racer-X und FLEX Holstern. Diese vielseitige Auflage bietet:<\/p>\n<ul>\n<li>Einfache Installation &#8211; keine Schrauben oder Klebstoffe erforderlich<\/li>\n<li>Sicherer Halt durch Einrastlaschen<\/li>\n<li>Kompaktes, aber effektives Design<\/li>\n<li>Geeignet f\u00fcr Rechts- und Linksh\u00e4nder-Holster<\/li>\n<\/ul>\n<p>Schieben Sie die Oberschenkelauflage einfach \u00fcber die G\u00fcrtelhalterung des Holsters, bis die Laschen einrasten. Zum Entfernen ziehen Sie die Laschen nach oben und schieben sie ab. Diese Auflage ist die perfekte Erg\u00e4nzung zu Ihrem Double-Alpha Holster und bietet Top-Sch\u00fctzen weltweit zus\u00e4tzlichen Komfort und Stabilit\u00e4t.<\/p>\n<\/div>\n","protected":false},"excerpt":{"rendered":"<p>Oberschenkelpolster f\u00fcr Alpha-X\/Racer-X: Sicher, bequem, keine Werkzeuge erforderlich.<\/p>\n","protected":false},"featured_media":26281,"template":"","meta":{"_acf_changed":false},"product_brand":[11263],"product_cat":[12094,12099],"product_tag":[],"class_list":{"0":"post-45109","1":"product","2":"type-product","3":"status-publish","4":"has-post-thumbnail","6":"product_brand-doublealpha","7":"product_cat-holsterzubehoer","8":"product_cat-sportholster","10":"first","11":"instock","12":"taxable","13":"shipping-taxable","14":"purchasable","15":"product-type-simple"},"acf":[],"_links":{"self":[{"href":"https:\/\/staging.nbg.eu\/de\/wp-json\/wp\/v2\/product\/45109","targetHints":{"allow":["GET"]}}],"collection":[{"href":"https:\/\/staging.nbg.eu\/de\/wp-json\/wp\/v2\/product"}],"about":[{"href":"https:\/\/staging.nbg.eu\/de\/wp-json\/wp\/v2\/types\/product"}],"wp:featuredmedia":[{"embeddable":true,"href":"https:\/\/staging.nbg.eu\/de\/wp-json\/wp\/v2\/media\/26281"}],"wp:attachment":[{"href":"https:\/\/staging.nbg.eu\/de\/wp-json\/wp\/v2\/media?parent=45109"}],"wp:term":[{"taxonomy":"product_brand","embeddable":true,"href":"https:\/\/staging.nbg.eu\/de\/wp-json\/wp\/v2\/product_brand?post=45109"},{"taxonomy":"product_cat","embeddable":true,"href":"https:\/\/staging.nbg.eu\/de\/wp-json\/wp\/v2\/product_cat?post=45109"},{"taxonomy":"product_tag","embeddable":true,"href":"https:\/\/staging.nbg.eu\/de\/wp-json\/wp\/v2\/product_tag?post=45109"}],"curies":[{"name":"wp","href":"https:\/\/api.w.org\/{rel}","templated":true}]}}