{"id":45087,"date":"2024-08-18T09:28:23","date_gmt":"2024-08-18T09:28:23","guid":{"rendered":"https:\/\/staging.nbg.eu\/product\/daa-reloading-press-tool-holder\/"},"modified":"2024-09-10T12:29:27","modified_gmt":"2024-09-10T12:29:27","slug":"daa-wiederladen-presse-werkzeughalter","status":"publish","type":"product","link":"https:\/\/staging.nbg.eu\/de\/produkt\/daa-wiederladen-presse-werkzeughalter\/","title":{"rendered":"Daa Wiederladen-Presse Werkzeughalter"},"content":{"rendered":"<div class=\"product-description\">\n<h2>DAA Wiederladen-Pressen Werkzeughalter<\/h2>\n<p>Organisieren Sie Ihre Wiederladen-Werkzeuge mit diesem praktischen Halter! Entwickelt f\u00fcr Dillon RL1100\/1050\/750\/650 Pressen, l\u00e4sst er sich einfach an 1-Zoll-Quadrat- oder Rundrohren montieren.<\/p>\n<ul>\n<li>Haltbare Konstruktion aus glasfaserverst\u00e4rktem Nylon<\/li>\n<li>Gummilackbeschichtung f\u00fcr eine attraktive Oberfl\u00e4che<\/li>\n<li>H\u00e4lt 7 Inbusschl\u00fcssel, einen Matrizenschl\u00fcssel und 3 zus\u00e4tzliche Werkzeuge<\/li>\n<li>Gro\u00dfer Hohlraum zur Aufbewahrung von Kleinteilen<\/li>\n<li>Eingebauter Magnet zum Halten von metallischen Gegenst\u00e4nden<\/li>\n<\/ul>\n<p>Verbessern Sie Ihre Wiederladestation mit diesem vielseitigen Werkzeughalter! (Werkzeuge nicht im Lieferumfang enthalten)<\/p>\n<\/div>\n","protected":false},"excerpt":{"rendered":"<p>Vielseitiger, an der Presse montierter Halter f\u00fcr Wiederladetools und -teile.<\/p>\n","protected":false},"featured_media":26570,"template":"","meta":{"_acf_changed":false},"product_brand":[11263],"product_cat":[12103,12057],"product_tag":[],"class_list":{"0":"post-45087","1":"product","2":"type-product","3":"status-publish","4":"has-post-thumbnail","6":"product_brand-doublealpha","7":"product_cat-wiederladen","8":"product_cat-wiederladen-zubehoer","10":"first","11":"outofstock","12":"taxable","13":"shipping-taxable","14":"purchasable","15":"product-type-simple"},"acf":[],"_links":{"self":[{"href":"https:\/\/staging.nbg.eu\/de\/wp-json\/wp\/v2\/product\/45087","targetHints":{"allow":["GET"]}}],"collection":[{"href":"https:\/\/staging.nbg.eu\/de\/wp-json\/wp\/v2\/product"}],"about":[{"href":"https:\/\/staging.nbg.eu\/de\/wp-json\/wp\/v2\/types\/product"}],"wp:featuredmedia":[{"embeddable":true,"href":"https:\/\/staging.nbg.eu\/de\/wp-json\/wp\/v2\/media\/26570"}],"wp:attachment":[{"href":"https:\/\/staging.nbg.eu\/de\/wp-json\/wp\/v2\/media?parent=45087"}],"wp:term":[{"taxonomy":"product_brand","embeddable":true,"href":"https:\/\/staging.nbg.eu\/de\/wp-json\/wp\/v2\/product_brand?post=45087"},{"taxonomy":"product_cat","embeddable":true,"href":"https:\/\/staging.nbg.eu\/de\/wp-json\/wp\/v2\/product_cat?post=45087"},{"taxonomy":"product_tag","embeddable":true,"href":"https:\/\/staging.nbg.eu\/de\/wp-json\/wp\/v2\/product_tag?post=45087"}],"curies":[{"name":"wp","href":"https:\/\/api.w.org\/{rel}","templated":true}]}}