{"id":45065,"date":"2024-08-18T09:28:37","date_gmt":"2024-08-18T09:28:37","guid":{"rendered":"https:\/\/staging.nbg.eu\/product\/lynx-belt-steel-mini-punch-tool\/"},"modified":"2024-09-10T12:25:49","modified_gmt":"2024-09-10T12:25:49","slug":"lynx-guertel-stahl-mini-lochstanze","status":"publish","type":"product","link":"https:\/\/staging.nbg.eu\/de\/produkt\/lynx-guertel-stahl-mini-lochstanze\/","title":{"rendered":"Lynx G\u00fcrtel: Stahl Mini Lochstanze"},"content":{"rendered":"<p>Das Lynx Belt: Stahl-Mini-Stanzwerkzeug ist ein kompakter, ma\u00dfgefertigter Stahlstanzer, der f\u00fcr die schnelle und einfache Entfernung von Rollstiften entwickelt wurde. Mit einer L\u00e4nge von 70 mm, einem Kopfdurchmesser von 6 mm und einem Schaftdurchmesser von 2,5 mm ist dieses leichte Werkzeug perfekt zum Anpassen von G\u00fcrtelgliedern. Es ist ideal f\u00fcr Ihr Werkzeugset auf dem Schie\u00dfstand.<\/p>\n","protected":false},"excerpt":{"rendered":"<p>Kompaktes Stahlstanzwerkzeug f\u00fcr schnelle und einfache Uhrbandglied-Anpassungen.<\/p>\n","protected":false},"featured_media":26708,"template":"","meta":{"_acf_changed":false},"product_brand":[11263],"product_cat":[12074,12077],"product_tag":[],"class_list":{"0":"post-45065","1":"product","2":"type-product","3":"status-publish","4":"has-post-thumbnail","6":"product_brand-doublealpha","7":"product_cat-ausruestung","8":"product_cat-sportguertel","10":"first","11":"instock","12":"taxable","13":"shipping-taxable","14":"purchasable","15":"product-type-simple"},"acf":[],"_links":{"self":[{"href":"https:\/\/staging.nbg.eu\/de\/wp-json\/wp\/v2\/product\/45065","targetHints":{"allow":["GET"]}}],"collection":[{"href":"https:\/\/staging.nbg.eu\/de\/wp-json\/wp\/v2\/product"}],"about":[{"href":"https:\/\/staging.nbg.eu\/de\/wp-json\/wp\/v2\/types\/product"}],"wp:featuredmedia":[{"embeddable":true,"href":"https:\/\/staging.nbg.eu\/de\/wp-json\/wp\/v2\/media\/26708"}],"wp:attachment":[{"href":"https:\/\/staging.nbg.eu\/de\/wp-json\/wp\/v2\/media?parent=45065"}],"wp:term":[{"taxonomy":"product_brand","embeddable":true,"href":"https:\/\/staging.nbg.eu\/de\/wp-json\/wp\/v2\/product_brand?post=45065"},{"taxonomy":"product_cat","embeddable":true,"href":"https:\/\/staging.nbg.eu\/de\/wp-json\/wp\/v2\/product_cat?post=45065"},{"taxonomy":"product_tag","embeddable":true,"href":"https:\/\/staging.nbg.eu\/de\/wp-json\/wp\/v2\/product_tag?post=45065"}],"curies":[{"name":"wp","href":"https:\/\/api.w.org\/{rel}","templated":true}]}}