{"id":45043,"date":"2024-08-18T09:29:43","date_gmt":"2024-08-18T09:29:43","guid":{"rendered":"https:\/\/staging.nbg.eu\/product\/daa-primer-tube-cap-5-pack\/"},"modified":"2024-09-10T12:23:51","modified_gmt":"2024-09-10T12:23:51","slug":"daa-zuendhuetchen-roehrchen-kappe-5er-pack","status":"publish","type":"product","link":"https:\/\/staging.nbg.eu\/de\/produkt\/daa-zuendhuetchen-roehrchen-kappe-5er-pack\/","title":{"rendered":"Daa Z\u00fcndh\u00fctchen-R\u00f6hrchen Kappe, 5er Pack"},"content":{"rendered":"<p>\n<strong>DAA Z\u00fcndh\u00fctchen-R\u00f6hrchen-Kappe, 5er-Pack<\/strong><br \/>\nMa\u00dfgefertigte Endkappen aus Silikongummi f\u00fcr 8-mm-Z\u00fcndh\u00fctchenr\u00f6hrchen. Verhindert Versch\u00fcttungen bei der Verwendung von Schnellf\u00fcllger\u00e4ten. Einfach zu verwenden: aufschieben, flach auflegen. Keine Z\u00fcndh\u00fctchen-Unordnung mehr!<\/p>\n<ul>\n<li>Passt f\u00fcr die meisten Wiederladeger\u00e4te-R\u00f6hrchen<\/li>\n<li>Kompatibel mit DAA Primer-Pro und anderen F\u00fcllger\u00e4ten<\/li>\n<li>Farbe: Rot<\/li>\n<li>5er-Pack<\/li>\n<\/ul>\n<p>Sichern Sie Ihre Z\u00fcndh\u00fctchen mit diesen praktischen Kappen!<\/p>\n","protected":false},"excerpt":{"rendered":"<p>Sichere 8-mm-Primerr\u00f6hrchen mit leicht aufzusetzenden, auslaufsicheren Silikonkappen.<\/p>\n","protected":false},"featured_media":26731,"template":"","meta":{"_acf_changed":false},"product_brand":[11263],"product_cat":[12103,12057],"product_tag":[],"class_list":{"0":"post-45043","1":"product","2":"type-product","3":"status-publish","4":"has-post-thumbnail","6":"product_brand-doublealpha","7":"product_cat-wiederladen","8":"product_cat-wiederladen-zubehoer","10":"first","11":"outofstock","12":"taxable","13":"shipping-taxable","14":"purchasable","15":"product-type-simple"},"acf":[],"_links":{"self":[{"href":"https:\/\/staging.nbg.eu\/de\/wp-json\/wp\/v2\/product\/45043","targetHints":{"allow":["GET"]}}],"collection":[{"href":"https:\/\/staging.nbg.eu\/de\/wp-json\/wp\/v2\/product"}],"about":[{"href":"https:\/\/staging.nbg.eu\/de\/wp-json\/wp\/v2\/types\/product"}],"wp:featuredmedia":[{"embeddable":true,"href":"https:\/\/staging.nbg.eu\/de\/wp-json\/wp\/v2\/media\/26731"}],"wp:attachment":[{"href":"https:\/\/staging.nbg.eu\/de\/wp-json\/wp\/v2\/media?parent=45043"}],"wp:term":[{"taxonomy":"product_brand","embeddable":true,"href":"https:\/\/staging.nbg.eu\/de\/wp-json\/wp\/v2\/product_brand?post=45043"},{"taxonomy":"product_cat","embeddable":true,"href":"https:\/\/staging.nbg.eu\/de\/wp-json\/wp\/v2\/product_cat?post=45043"},{"taxonomy":"product_tag","embeddable":true,"href":"https:\/\/staging.nbg.eu\/de\/wp-json\/wp\/v2\/product_tag?post=45043"}],"curies":[{"name":"wp","href":"https:\/\/api.w.org\/{rel}","templated":true}]}}