{"id":44977,"date":"2024-08-18T09:31:04","date_gmt":"2024-08-18T09:31:04","guid":{"rendered":"https:\/\/staging.nbg.eu\/product\/daa-1-die-box-end-wrench\/"},"modified":"2024-09-10T11:56:28","modified_gmt":"2024-09-10T11:56:28","slug":"daa-1-matrize-ringschluessel","status":"publish","type":"product","link":"https:\/\/staging.nbg.eu\/de\/produkt\/daa-1-matrize-ringschluessel\/","title":{"rendered":"Daa 1&#8243; Matrize Ringschl\u00fcssel"},"content":{"rendered":"<div class=\"product-description\">\n<h2>DAA 1&#8243; Gewindeschneidkluppe, Ringschl\u00fcssel<\/h2>\n<p>Die ultimative L\u00f6sung f\u00fcr Wiederlader, die mit Gewindeeinstellungen an engen Werkzeugk\u00f6pfen zu k\u00e4mpfen haben. Dieser ma\u00dfgefertigte, lasergeschnittene Edelstahlschl\u00fcssel bietet:<\/p>\n<ul>\n<li>D\u00fcnnwandiges Design f\u00fcr einfachen Zugang zwischen den Gewindeschneidkluppen<\/li>\n<li>Mehrere M\u00e4uler f\u00fcr optimale Positionierung<\/li>\n<li>Langlebige Konstruktion f\u00fcr lebenslangen Gebrauch<\/li>\n<li>Pr\u00e4zisionsgefertigt f\u00fcr 1&#8243;-Muttern<\/li>\n<\/ul>\n<p>Verbessern Sie Ihre Wiederlade-Ausr\u00fcstung mit diesem essentiellen Werkzeug, das entwickelt wurde, um Gewindeeinstellungen schnell und m\u00fchelos zu machen. Kompatibel mit Standard 1&#8243;-Gewindemuttern f\u00fcr maximale Vielseitigkeit und Bequemlichkeit.<\/p>\n<\/div>\n","protected":false},"excerpt":{"rendered":"<p>DAA 1&#8243; Matrizen-Schl\u00fcssel: D\u00fcnn, stark, vielseitig. Einfacher Zugang f\u00fcr Wiederlader.<\/p>\n","protected":false},"featured_media":27007,"template":"","meta":{"_acf_changed":false},"product_brand":[11263],"product_cat":[12103,12057],"product_tag":[],"class_list":{"0":"post-44977","1":"product","2":"type-product","3":"status-publish","4":"has-post-thumbnail","6":"product_brand-doublealpha","7":"product_cat-wiederladen","8":"product_cat-wiederladen-zubehoer","10":"first","11":"outofstock","12":"taxable","13":"shipping-taxable","14":"purchasable","15":"product-type-simple"},"acf":[],"_links":{"self":[{"href":"https:\/\/staging.nbg.eu\/de\/wp-json\/wp\/v2\/product\/44977","targetHints":{"allow":["GET"]}}],"collection":[{"href":"https:\/\/staging.nbg.eu\/de\/wp-json\/wp\/v2\/product"}],"about":[{"href":"https:\/\/staging.nbg.eu\/de\/wp-json\/wp\/v2\/types\/product"}],"wp:featuredmedia":[{"embeddable":true,"href":"https:\/\/staging.nbg.eu\/de\/wp-json\/wp\/v2\/media\/27007"}],"wp:attachment":[{"href":"https:\/\/staging.nbg.eu\/de\/wp-json\/wp\/v2\/media?parent=44977"}],"wp:term":[{"taxonomy":"product_brand","embeddable":true,"href":"https:\/\/staging.nbg.eu\/de\/wp-json\/wp\/v2\/product_brand?post=44977"},{"taxonomy":"product_cat","embeddable":true,"href":"https:\/\/staging.nbg.eu\/de\/wp-json\/wp\/v2\/product_cat?post=44977"},{"taxonomy":"product_tag","embeddable":true,"href":"https:\/\/staging.nbg.eu\/de\/wp-json\/wp\/v2\/product_tag?post=44977"}],"curies":[{"name":"wp","href":"https:\/\/api.w.org\/{rel}","templated":true}]}}