{"id":44933,"date":"2024-08-18T09:31:43","date_gmt":"2024-08-18T09:31:43","guid":{"rendered":"https:\/\/staging.nbg.eu\/product\/daa-reloading-hex-key-set\/"},"modified":"2024-09-10T11:35:42","modified_gmt":"2024-09-10T11:35:42","slug":"daa-wiederladen-innensechskantschluessel-set","status":"publish","type":"product","link":"https:\/\/staging.nbg.eu\/de\/produkt\/daa-wiederladen-innensechskantschluessel-set\/","title":{"rendered":"Daa Wiederladen Innensechskantschl\u00fcssel Set"},"content":{"rendered":"<p>Verbessern Sie Ihr Wiederladen-Erlebnis mit dem DAA Wiederladen-Inbusschl\u00fcssel-Set. Dieses 7-teilige Set aus langen Inbusschl\u00fcsseln mit Kugelkopf bietet:<\/p>\n<ul>\n<li>Erstklassige Verarbeitung<\/li>\n<li>Leuchtend rote, vinylbeschichtete Schultern f\u00fcr bessere Sichtbarkeit<\/li>\n<li>Perfekt f\u00fcr Dillon und andere in den USA hergestellte Pressen<\/li>\n<li>Gr\u00f6\u00dfen: 5\/64&#8243;, 3\/32&#8243;, 1\/8&#8243;, 9\/64&#8243;, 5\/32&#8243;, 3\/16&#8243;, 1\/4&#8243;<\/li>\n<\/ul>\n<p>Ideale Erg\u00e4nzung zum DAA Wiederladen-Pressen-Werkzeughalter.<\/p>\n","protected":false},"excerpt":{"rendered":"<p>7-teiliger Innensechskantschl\u00fcsselsatz mit Kugelkopf f\u00fcr US-Wiederladepressen. Rotes Vinyl.<\/p>\n","protected":false},"featured_media":27145,"template":"","meta":{"_acf_changed":false},"product_brand":[11263],"product_cat":[12103,12057],"product_tag":[],"class_list":{"0":"post-44933","1":"product","2":"type-product","3":"status-publish","4":"has-post-thumbnail","6":"product_brand-doublealpha","7":"product_cat-wiederladen","8":"product_cat-wiederladen-zubehoer","10":"first","11":"outofstock","12":"taxable","13":"shipping-taxable","14":"purchasable","15":"product-type-simple"},"acf":[],"_links":{"self":[{"href":"https:\/\/staging.nbg.eu\/de\/wp-json\/wp\/v2\/product\/44933","targetHints":{"allow":["GET"]}}],"collection":[{"href":"https:\/\/staging.nbg.eu\/de\/wp-json\/wp\/v2\/product"}],"about":[{"href":"https:\/\/staging.nbg.eu\/de\/wp-json\/wp\/v2\/types\/product"}],"wp:featuredmedia":[{"embeddable":true,"href":"https:\/\/staging.nbg.eu\/de\/wp-json\/wp\/v2\/media\/27145"}],"wp:attachment":[{"href":"https:\/\/staging.nbg.eu\/de\/wp-json\/wp\/v2\/media?parent=44933"}],"wp:term":[{"taxonomy":"product_brand","embeddable":true,"href":"https:\/\/staging.nbg.eu\/de\/wp-json\/wp\/v2\/product_brand?post=44933"},{"taxonomy":"product_cat","embeddable":true,"href":"https:\/\/staging.nbg.eu\/de\/wp-json\/wp\/v2\/product_cat?post=44933"},{"taxonomy":"product_tag","embeddable":true,"href":"https:\/\/staging.nbg.eu\/de\/wp-json\/wp\/v2\/product_tag?post=44933"}],"curies":[{"name":"wp","href":"https:\/\/api.w.org\/{rel}","templated":true}]}}