{"id":44845,"date":"2024-08-18T09:33:44","date_gmt":"2024-08-18T09:33:44","guid":{"rendered":"https:\/\/staging.nbg.eu\/product\/pro-grip-lotion-2oz\/"},"modified":"2024-09-10T11:15:11","modified_gmt":"2024-09-10T11:15:11","slug":"pro-grip-lotion-2oz","status":"publish","type":"product","link":"https:\/\/staging.nbg.eu\/de\/produkt\/pro-grip-lotion-2oz\/","title":{"rendered":"Pro Grip Lotion 2Oz"},"content":{"rendered":"<p>\nVerbessern Sie Ihre Schie\u00dfleistung mit Pro Grip Lotion 2Oz. Von Champions wie Jerry Barnhart, Todd Jarrett und Saul Kirsch vertraut, \u00fcbertrifft diese praktisch verpackte Lotion Kolophonium und Kreide. Erleben Sie \u00fcberlegenen Halt, bessere Waffenkontrolle und schnellere Erholungszeiten. Ein Muss f\u00fcr jede Sch\u00fctzentasche, Pro Grip ist die Geheimwaffe f\u00fcr Erfolg im Action-Schie\u00dfen.<\/p>\n","protected":false},"excerpt":{"rendered":"<p>Pro Grip: Meisterschaftserprobte Lotion f\u00fcr \u00fcberlegene Waffenkontrolle.<\/p>\n","protected":false},"featured_media":27283,"template":"","meta":{"_acf_changed":false},"product_brand":[11263],"product_cat":[12074,12061,12094],"product_tag":[],"class_list":{"0":"post-44845","1":"product","2":"type-product","3":"status-publish","4":"has-post-thumbnail","6":"product_brand-doublealpha","7":"product_cat-ausruestung","8":"product_cat-holster","9":"product_cat-holsterzubehoer","11":"first","12":"instock","13":"taxable","14":"shipping-taxable","15":"purchasable","16":"product-type-simple"},"acf":[],"_links":{"self":[{"href":"https:\/\/staging.nbg.eu\/de\/wp-json\/wp\/v2\/product\/44845","targetHints":{"allow":["GET"]}}],"collection":[{"href":"https:\/\/staging.nbg.eu\/de\/wp-json\/wp\/v2\/product"}],"about":[{"href":"https:\/\/staging.nbg.eu\/de\/wp-json\/wp\/v2\/types\/product"}],"wp:featuredmedia":[{"embeddable":true,"href":"https:\/\/staging.nbg.eu\/de\/wp-json\/wp\/v2\/media\/27283"}],"wp:attachment":[{"href":"https:\/\/staging.nbg.eu\/de\/wp-json\/wp\/v2\/media?parent=44845"}],"wp:term":[{"taxonomy":"product_brand","embeddable":true,"href":"https:\/\/staging.nbg.eu\/de\/wp-json\/wp\/v2\/product_brand?post=44845"},{"taxonomy":"product_cat","embeddable":true,"href":"https:\/\/staging.nbg.eu\/de\/wp-json\/wp\/v2\/product_cat?post=44845"},{"taxonomy":"product_tag","embeddable":true,"href":"https:\/\/staging.nbg.eu\/de\/wp-json\/wp\/v2\/product_tag?post=44845"}],"curies":[{"name":"wp","href":"https:\/\/api.w.org\/{rel}","templated":true}]}}