{"id":44801,"date":"2024-08-18T09:35:16","date_gmt":"2024-08-18T09:35:16","guid":{"rendered":"https:\/\/staging.nbg.eu\/product\/daa-4-pack-magnetic-collars-for-primer-tube\/"},"modified":"2024-09-10T11:05:47","modified_gmt":"2024-09-10T11:05:47","slug":"daa-4er-pack-magnetische-ringe-fuer-primer-roehrchen","status":"publish","type":"product","link":"https:\/\/staging.nbg.eu\/de\/produkt\/daa-4er-pack-magnetische-ringe-fuer-primer-roehrchen\/","title":{"rendered":"Daa 4er-Pack Magnetische Ringe f\u00fcr Primer-R\u00f6hrchen"},"content":{"rendered":"<div class=\"product-description\">\n<h2>DAA 4er-Pack Magnetische Kragen f\u00fcr Z\u00fcndh\u00fctchenr\u00f6hrchen<\/h2>\n<p>Verbessern Sie Ihre Wiederladeeffizienz mit dem DAA 4er-Pack Magnetische Kragen, speziell entwickelt f\u00fcr die Verwendung mit Dillon Aufnahmer\u00f6hrchen und dem PRIMER-PRO Z\u00fcndh\u00fctchensortierer.<\/p>\n<ul>\n<li>Set enth\u00e4lt 4 Polymerkragen mit gesicherten Magneten und Stellschrauben<\/li>\n<li>Kompatibel mit Dillon Z\u00fcndh\u00fctchenr\u00f6hrchen<\/li>\n<li>Ideal zum Vorf\u00fcllen mehrerer R\u00f6hrchen vor Wiederladesitzungen<\/li>\n<li>Eliminiert die Notwendigkeit, h\u00e4ufig zur PRIMER-PRO-Einheit zur\u00fcckzukehren<\/li>\n<li>Perfekte Erg\u00e4nzung zum PRIMER-PRO, der mit einem Magnetischen Kragen geliefert wird<\/li>\n<\/ul>\n<p><strong>Hinweis:<\/strong> Z\u00fcndh\u00fctchenr\u00f6hrchen sind NICHT enthalten.<\/p>\n<p>Optimieren Sie Ihren Wiederladeablauf und sparen Sie Zeit mit diesen zus\u00e4tzlichen Magnetischen Kragen, die es Ihnen erm\u00f6glichen, mehrere Z\u00fcndh\u00fctchenr\u00f6hrchen im Voraus vorzubereiten.<\/p>\n<\/div>\n","protected":false},"excerpt":{"rendered":"<p>4 magnetische Kragen f\u00fcr Dillon Z\u00fcndh\u00fctchenr\u00f6hren. Zur Verwendung mit PRIMER-PRO.<\/p>\n","protected":false},"featured_media":27352,"template":"","meta":{"_acf_changed":false},"product_brand":[11263],"product_cat":[12103,12057],"product_tag":[],"class_list":{"0":"post-44801","1":"product","2":"type-product","3":"status-publish","4":"has-post-thumbnail","6":"product_brand-doublealpha","7":"product_cat-wiederladen","8":"product_cat-wiederladen-zubehoer","10":"first","11":"outofstock","12":"taxable","13":"shipping-taxable","14":"purchasable","15":"product-type-simple"},"acf":[],"_links":{"self":[{"href":"https:\/\/staging.nbg.eu\/de\/wp-json\/wp\/v2\/product\/44801","targetHints":{"allow":["GET"]}}],"collection":[{"href":"https:\/\/staging.nbg.eu\/de\/wp-json\/wp\/v2\/product"}],"about":[{"href":"https:\/\/staging.nbg.eu\/de\/wp-json\/wp\/v2\/types\/product"}],"wp:featuredmedia":[{"embeddable":true,"href":"https:\/\/staging.nbg.eu\/de\/wp-json\/wp\/v2\/media\/27352"}],"wp:attachment":[{"href":"https:\/\/staging.nbg.eu\/de\/wp-json\/wp\/v2\/media?parent=44801"}],"wp:term":[{"taxonomy":"product_brand","embeddable":true,"href":"https:\/\/staging.nbg.eu\/de\/wp-json\/wp\/v2\/product_brand?post=44801"},{"taxonomy":"product_cat","embeddable":true,"href":"https:\/\/staging.nbg.eu\/de\/wp-json\/wp\/v2\/product_cat?post=44801"},{"taxonomy":"product_tag","embeddable":true,"href":"https:\/\/staging.nbg.eu\/de\/wp-json\/wp\/v2\/product_tag?post=44801"}],"curies":[{"name":"wp","href":"https:\/\/api.w.org\/{rel}","templated":true}]}}