{"id":44731,"date":"2024-08-18T09:36:04","date_gmt":"2024-08-18T09:36:04","guid":{"rendered":"https:\/\/staging.nbg.eu\/product\/lynx-belt-buckle-roll-pins-50bag\/"},"modified":"2024-09-10T09:19:28","modified_gmt":"2024-09-10T09:19:28","slug":"lynx-guertelschnalle-federstifte-50er-beutel","status":"publish","type":"product","link":"https:\/\/staging.nbg.eu\/de\/produkt\/lynx-guertelschnalle-federstifte-50er-beutel\/","title":{"rendered":"Lynx G\u00fcrtelschnalle Federstifte (50er Beutel)"},"content":{"rendered":"<p>\nErsatzrollstifte f\u00fcr Lynx-G\u00fcrtelschnallen. Packung mit 50 Stiften. Unverzichtbar f\u00fcr die Montage und Reparatur von Lynx-G\u00fcrteln. Gew\u00e4hrleisten einen sicheren Sitz f\u00fcr Ihre Lynx-Schnalle.<\/p>\n","protected":false},"excerpt":{"rendered":"<p>Lynx G\u00fcrtelschnallen-Rollstifte (50 St\u00fcck\/Beutel): Zus\u00e4tzliche Stifte f\u00fcr Ihre Lynx-G\u00fcrtel.<\/p>\n","protected":false},"featured_media":27444,"template":"","meta":{"_acf_changed":false},"product_brand":[11263],"product_cat":[12074,12077],"product_tag":[],"class_list":{"0":"post-44731","1":"product","2":"type-product","3":"status-publish","4":"has-post-thumbnail","6":"product_brand-doublealpha","7":"product_cat-ausruestung","8":"product_cat-sportguertel","10":"first","11":"instock","12":"taxable","13":"shipping-taxable","14":"purchasable","15":"product-type-simple"},"acf":[],"_links":{"self":[{"href":"https:\/\/staging.nbg.eu\/de\/wp-json\/wp\/v2\/product\/44731","targetHints":{"allow":["GET"]}}],"collection":[{"href":"https:\/\/staging.nbg.eu\/de\/wp-json\/wp\/v2\/product"}],"about":[{"href":"https:\/\/staging.nbg.eu\/de\/wp-json\/wp\/v2\/types\/product"}],"wp:featuredmedia":[{"embeddable":true,"href":"https:\/\/staging.nbg.eu\/de\/wp-json\/wp\/v2\/media\/27444"}],"wp:attachment":[{"href":"https:\/\/staging.nbg.eu\/de\/wp-json\/wp\/v2\/media?parent=44731"}],"wp:term":[{"taxonomy":"product_brand","embeddable":true,"href":"https:\/\/staging.nbg.eu\/de\/wp-json\/wp\/v2\/product_brand?post=44731"},{"taxonomy":"product_cat","embeddable":true,"href":"https:\/\/staging.nbg.eu\/de\/wp-json\/wp\/v2\/product_cat?post=44731"},{"taxonomy":"product_tag","embeddable":true,"href":"https:\/\/staging.nbg.eu\/de\/wp-json\/wp\/v2\/product_tag?post=44731"}],"curies":[{"name":"wp","href":"https:\/\/api.w.org\/{rel}","templated":true}]}}