{"id":44709,"date":"2024-08-18T09:36:21","date_gmt":"2024-08-18T09:36:21","guid":{"rendered":"https:\/\/staging.nbg.eu\/product\/ced-deluxe-quick-patch-tape-gun\/"},"modified":"2024-09-10T09:16:02","modified_gmt":"2024-09-10T09:16:02","slug":"ced-deluxe-schnell-patch-klebeband-spender","status":"publish","type":"product","link":"https:\/\/staging.nbg.eu\/de\/produkt\/ced-deluxe-schnell-patch-klebeband-spender\/","title":{"rendered":"Ced Deluxe Schnell-Patch Klebeband-Spender"},"content":{"rendered":"<p>Wir pr\u00e4sentieren die CED Deluxe Quick Patch Tape Gun: Die ultimative L\u00f6sung zum Flicken von Zielscheibenl\u00f6chern!<\/p>\n<ul>\n<li>Schneller und einfacher als manuelles Flicken<\/li>\n<li>Kompatibel mit den meisten Patches in Standardgr\u00f6\u00dfe<\/li>\n<li>Einfache Dr\u00fcck-und-Lass-los-Bedienung<\/li>\n<li>Leicht zu zielen, zu benutzen und nachzuladen<\/li>\n<li>Erh\u00f6ht die Effizienz und spart Zeit<\/li>\n<li>Macht Spa\u00df und ist m\u00fchelos zu verwenden<\/li>\n<\/ul>\n<p>Verbessern Sie Ihr Zieltraining mit der CED Deluxe Tape Gun &#8211; dem All-in-One-Werkzeug f\u00fcr schnelles und effizientes Flicken!<\/p>\n","protected":false},"excerpt":{"rendered":"<p>Effizientes Werkzeug zum Ausbessern von Zielscheiben. Einfach zu benutzen, zu laden und zu zielen. Macht Spa\u00df!<\/p>\n","protected":false},"featured_media":27513,"template":"","meta":{"_acf_changed":false},"product_brand":[11263],"product_cat":[12080,12072,12105],"product_tag":[],"class_list":{"0":"post-44709","1":"product","2":"type-product","3":"status-publish","4":"has-post-thumbnail","6":"product_brand-doublealpha","7":"product_cat-papierscheiben","8":"product_cat-patches-und-patchgewehre","9":"product_cat-ziele","11":"first","12":"instock","13":"taxable","14":"shipping-taxable","15":"purchasable","16":"product-type-simple"},"acf":[],"_links":{"self":[{"href":"https:\/\/staging.nbg.eu\/de\/wp-json\/wp\/v2\/product\/44709","targetHints":{"allow":["GET"]}}],"collection":[{"href":"https:\/\/staging.nbg.eu\/de\/wp-json\/wp\/v2\/product"}],"about":[{"href":"https:\/\/staging.nbg.eu\/de\/wp-json\/wp\/v2\/types\/product"}],"wp:featuredmedia":[{"embeddable":true,"href":"https:\/\/staging.nbg.eu\/de\/wp-json\/wp\/v2\/media\/27513"}],"wp:attachment":[{"href":"https:\/\/staging.nbg.eu\/de\/wp-json\/wp\/v2\/media?parent=44709"}],"wp:term":[{"taxonomy":"product_brand","embeddable":true,"href":"https:\/\/staging.nbg.eu\/de\/wp-json\/wp\/v2\/product_brand?post=44709"},{"taxonomy":"product_cat","embeddable":true,"href":"https:\/\/staging.nbg.eu\/de\/wp-json\/wp\/v2\/product_cat?post=44709"},{"taxonomy":"product_tag","embeddable":true,"href":"https:\/\/staging.nbg.eu\/de\/wp-json\/wp\/v2\/product_tag?post=44709"}],"curies":[{"name":"wp","href":"https:\/\/api.w.org\/{rel}","templated":true}]}}