{"id":44643,"date":"2024-08-18T09:37:34","date_gmt":"2024-09-10T09:02:58","guid":{"rendered":"https:\/\/staging.nbg.eu\/product\/flex-holster-spare-slide-lock-teeth-set\/"},"modified":"2024-09-10T09:03:41","modified_gmt":"2024-09-10T09:03:41","slug":"flex-holster-ersatz-slide-lock-zahnsatz","status":"publish","type":"product","link":"https:\/\/staging.nbg.eu\/de\/produkt\/flex-holster-ersatz-slide-lock-zahnsatz\/","title":{"rendered":"Flex Holster &#8211; Ersatz Slide-Lock Zahnsatz"},"content":{"rendered":"<div class=\"product-description\">\n<h2>Flex Holster &#8211; Ersatz-Schiebeverschluss-Z\u00e4hne Set<\/h2>\n<p>Verbessern Sie Ihr Flex-Holster mit diesem Ersatzset roter Schiebeverschluss-Z\u00e4hne. Kompatibel mit sowohl A-Typ als auch B-Typ Einsatzbl\u00f6cken, enth\u00e4lt dieses Set:<\/p>\n<ul>\n<li>Rote Schiebeverschluss-Z\u00e4hne<\/li>\n<li>Montagematerial (Schrauben und Muttern)<\/li>\n<\/ul>\n<p>R\u00fcsten Sie Ihre bestehenden Z\u00e4hne einfach auf oder ersetzen Sie sie f\u00fcr optimale Leistung und sicheren Halt.<\/p>\n<\/div>\n","protected":false},"excerpt":{"rendered":"<p>Ersatz-Rote Schiebeverschlussz\u00e4hne f\u00fcr Flex-Holster, mit Befestigungsmaterial.<\/p>\n","protected":false},"featured_media":30499,"template":"","meta":{"_acf_changed":false},"product_brand":[11263],"product_cat":[12061,12094,12099],"product_tag":[],"class_list":{"0":"post-44643","1":"product","2":"type-product","3":"status-publish","4":"has-post-thumbnail","6":"product_brand-doublealpha","7":"product_cat-holster","8":"product_cat-holsterzubehoer","9":"product_cat-sportholster","11":"first","12":"instock","13":"taxable","14":"shipping-taxable","15":"purchasable","16":"product-type-simple"},"acf":[],"_links":{"self":[{"href":"https:\/\/staging.nbg.eu\/de\/wp-json\/wp\/v2\/product\/44643","targetHints":{"allow":["GET"]}}],"collection":[{"href":"https:\/\/staging.nbg.eu\/de\/wp-json\/wp\/v2\/product"}],"about":[{"href":"https:\/\/staging.nbg.eu\/de\/wp-json\/wp\/v2\/types\/product"}],"wp:featuredmedia":[{"embeddable":true,"href":"https:\/\/staging.nbg.eu\/de\/wp-json\/wp\/v2\/media\/30499"}],"wp:attachment":[{"href":"https:\/\/staging.nbg.eu\/de\/wp-json\/wp\/v2\/media?parent=44643"}],"wp:term":[{"taxonomy":"product_brand","embeddable":true,"href":"https:\/\/staging.nbg.eu\/de\/wp-json\/wp\/v2\/product_brand?post=44643"},{"taxonomy":"product_cat","embeddable":true,"href":"https:\/\/staging.nbg.eu\/de\/wp-json\/wp\/v2\/product_cat?post=44643"},{"taxonomy":"product_tag","embeddable":true,"href":"https:\/\/staging.nbg.eu\/de\/wp-json\/wp\/v2\/product_tag?post=44643"}],"curies":[{"name":"wp","href":"https:\/\/api.w.org\/{rel}","templated":true}]}}