{"id":44599,"date":"2024-08-18T09:38:23","date_gmt":"2024-09-10T08:53:12","guid":{"rendered":"https:\/\/staging.nbg.eu\/product\/flex-alpha-x-racer-x-extended-ball-joint-rod\/"},"modified":"2024-09-10T08:53:51","modified_gmt":"2024-09-10T08:53:51","slug":"flex-alpha-x-racer-x-verlaengerter-kugelgelenk-stab","status":"publish","type":"product","link":"https:\/\/staging.nbg.eu\/de\/produkt\/flex-alpha-x-racer-x-verlaengerter-kugelgelenk-stab\/","title":{"rendered":"Flex \/ Alpha-X \/ Racer-X Verl\u00e4ngerter Kugelgelenk-Stab"},"content":{"rendered":"<p>Der <strong>Flex \/ Alpha-X \/ Racer-X Verl\u00e4ngerte Kugelgelenk-Stab<\/strong> ist eine ma\u00dfgeschneiderte L\u00f6sung f\u00fcr Sch\u00fctzen, die ihre Waffe weiter vom K\u00f6rper oder G\u00fcrtel entfernt positionieren m\u00f6chten. Dieses Zubeh\u00f6r verl\u00e4ngert den Kugelgelenkhals um 8 mm und bietet:<\/p>\n<ul>\n<li>Erh\u00f6hten Abstand zwischen Holster und Aufh\u00e4nger<\/li>\n<li>Verbesserte Einstellm\u00f6glichkeiten f\u00fcr pers\u00f6nlichen Komfort<\/li>\n<li>Gr\u00f6\u00dfere Freiheit bei Waffenwinkel und -positionierung<\/li>\n<\/ul>\n<p>Ideal f\u00fcr Sch\u00fctzen mit unterschiedlichem K\u00f6rperbau oder speziellen Tragevorlieben bietet dieser Stab die perfekte Balance zwischen Zug\u00e4nglichkeit und Komfort.<\/p>\n","protected":false},"excerpt":{"rendered":"<p>Verl\u00e4ngern Sie den Holsterabstand mit einer benutzerdefinierten 8-mm-Kugelgelenkstange.<\/p>\n","protected":false},"featured_media":28111,"template":"","meta":{"_acf_changed":false},"product_brand":[11263],"product_cat":[12061,12094,12099],"product_tag":[],"class_list":{"0":"post-44599","1":"product","2":"type-product","3":"status-publish","4":"has-post-thumbnail","6":"product_brand-doublealpha","7":"product_cat-holster","8":"product_cat-holsterzubehoer","9":"product_cat-sportholster","11":"first","12":"instock","13":"taxable","14":"shipping-taxable","15":"purchasable","16":"product-type-simple"},"acf":[],"_links":{"self":[{"href":"https:\/\/staging.nbg.eu\/de\/wp-json\/wp\/v2\/product\/44599","targetHints":{"allow":["GET"]}}],"collection":[{"href":"https:\/\/staging.nbg.eu\/de\/wp-json\/wp\/v2\/product"}],"about":[{"href":"https:\/\/staging.nbg.eu\/de\/wp-json\/wp\/v2\/types\/product"}],"wp:featuredmedia":[{"embeddable":true,"href":"https:\/\/staging.nbg.eu\/de\/wp-json\/wp\/v2\/media\/28111"}],"wp:attachment":[{"href":"https:\/\/staging.nbg.eu\/de\/wp-json\/wp\/v2\/media?parent=44599"}],"wp:term":[{"taxonomy":"product_brand","embeddable":true,"href":"https:\/\/staging.nbg.eu\/de\/wp-json\/wp\/v2\/product_brand?post=44599"},{"taxonomy":"product_cat","embeddable":true,"href":"https:\/\/staging.nbg.eu\/de\/wp-json\/wp\/v2\/product_cat?post=44599"},{"taxonomy":"product_tag","embeddable":true,"href":"https:\/\/staging.nbg.eu\/de\/wp-json\/wp\/v2\/product_tag?post=44599"}],"curies":[{"name":"wp","href":"https:\/\/api.w.org\/{rel}","templated":true}]}}