{"id":43963,"date":"2024-08-18T19:33:17","date_gmt":"2024-09-09T15:47:26","guid":{"rendered":"https:\/\/staging.nbg.eu\/product\/lynx-belt-single-link\/"},"modified":"2025-01-24T12:49:22","modified_gmt":"2025-01-24T12:49:22","slug":"lynx-guertel-einzelglied","status":"publish","type":"product","link":"https:\/\/staging.nbg.eu\/de\/produkt\/lynx-guertel-einzelglied\/","title":{"rendered":"Lynx G\u00fcrtel Einzelglied"},"content":{"rendered":"<div class=\"product-description\">\n<h2>Lynx G\u00fcrtel Einzelglied<\/h2>\n<p>Passen Sie Ihren Lynx G\u00fcrtel mit einzelnen Gliedern an:<\/p>\n<ul>\n<li>W\u00e4hlen Sie aus 5 verf\u00fcgbaren Farben<\/li>\n<li>Gestalten Sie Ihren G\u00fcrtel passend zu Ihrer Nationalflagge, Ihrem Sch\u00fctzenverein oder Ihrer Uniform<\/li>\n<li>Kaufen Sie einzelne Glieder in beliebiger Farbe und Menge<\/li>\n<\/ul>\n<h3>Abmessungen:<\/h3>\n<ul>\n<li>L\u00e4nge: 33mm (von Stift zu Stift)<\/li>\n<li>H\u00f6he: 38,7mm<\/li>\n<li>Dicke: 8,8mm (auf Klettverschluss), 7mm (ohne Klettverschluss)<\/li>\n<\/ul>\n<p>Das Lynx G\u00fcrtel Einzelglied erm\u00f6glicht eine individuelle Gestaltung Ihres G\u00fcrtels.<\/p>\n<\/div>\n","protected":false},"excerpt":{"rendered":"<p>Anpassbares Gliederarmband: 5 Farben, mischen und kombinieren Sie f\u00fcr einzigartige Designs.<\/p>\n","protected":false},"featured_media":29146,"template":"","meta":{"_acf_changed":false},"product_brand":[11263],"product_cat":[12074,12077],"product_tag":[],"class_list":{"0":"post-43963","1":"product","2":"type-product","3":"status-publish","4":"has-post-thumbnail","6":"product_brand-doublealpha","7":"product_cat-ausruestung","8":"product_cat-sportguertel","10":"first","11":"instock","12":"taxable","13":"shipping-taxable","14":"purchasable","15":"product-type-variable","16":"wvs-archive-product-wrapper"},"acf":[],"_links":{"self":[{"href":"https:\/\/staging.nbg.eu\/de\/wp-json\/wp\/v2\/product\/43963","targetHints":{"allow":["GET"]}}],"collection":[{"href":"https:\/\/staging.nbg.eu\/de\/wp-json\/wp\/v2\/product"}],"about":[{"href":"https:\/\/staging.nbg.eu\/de\/wp-json\/wp\/v2\/types\/product"}],"wp:featuredmedia":[{"embeddable":true,"href":"https:\/\/staging.nbg.eu\/de\/wp-json\/wp\/v2\/media\/29146"}],"wp:attachment":[{"href":"https:\/\/staging.nbg.eu\/de\/wp-json\/wp\/v2\/media?parent=43963"}],"wp:term":[{"taxonomy":"product_brand","embeddable":true,"href":"https:\/\/staging.nbg.eu\/de\/wp-json\/wp\/v2\/product_brand?post=43963"},{"taxonomy":"product_cat","embeddable":true,"href":"https:\/\/staging.nbg.eu\/de\/wp-json\/wp\/v2\/product_cat?post=43963"},{"taxonomy":"product_tag","embeddable":true,"href":"https:\/\/staging.nbg.eu\/de\/wp-json\/wp\/v2\/product_tag?post=43963"}],"curies":[{"name":"wp","href":"https:\/\/api.w.org\/{rel}","templated":true}]}}