{"id":414753,"date":"2025-05-14T22:52:38","date_gmt":"2025-05-14T19:52:38","guid":{"rendered":"https:\/\/staging.nbg.eu\/product\/grip-kmr-s-dotmatrix-ergo-black\/"},"modified":"2025-07-03T13:18:10","modified_gmt":"2025-07-03T10:18:10","slug":"griff-kmr-s-dotmatrix-ergo-schwarz","status":"publish","type":"product","link":"https:\/\/staging.nbg.eu\/de\/produkt\/griff-kmr-s-dotmatrix-ergo-schwarz\/","title":{"rendered":"Griff KMR S DOTMATRIX ERGO SCHWARZ"},"content":{"rendered":"<div class=\"product-description\">\n<h2>Griff KMR S DOTMATRIX ERGO SCHWARZ<\/h2>\n<p>Diese Duralumin-Griffe haben ein Golfballmuster f\u00fcr verbesserten Halt. Sie sind geeignet f\u00fcr die Aufr\u00fcstung vorhandener Pistolen oder die Gestaltung von Wettkampfwaffen. Kompatibel mit KMR S-01 LANCE (OR), KMR S-02 (bis 2023) und ausgew\u00e4hlten CZ-Modellen, einschlie\u00dflich Shadow 1, Shadow 2 und SP-01.<\/p>\n<p>Referenz: 0611-03001-0101<\/p>\n<p>Marke: KMR Precision Arms<\/p>\n<\/div>\n","protected":false},"excerpt":{"rendered":"<p>Ergonomische Duralumin-Griffe mit Golfballmuster f\u00fcr sicheren Halt. Passend f\u00fcr KMR- und CZ-Pistolen.<\/p>\n","protected":false},"featured_media":359495,"template":"","meta":{"_acf_changed":false},"product_brand":[11493],"product_cat":[12059,12108],"product_tag":[],"class_list":{"0":"post-414753","1":"product","2":"type-product","3":"status-publish","4":"has-post-thumbnail","6":"product_brand-kmr-precision","7":"product_cat-kmr-teile","8":"product_cat-pistolenteile","10":"first","11":"instock","12":"taxable","13":"shipping-taxable","14":"purchasable","15":"product-type-simple"},"acf":[],"_links":{"self":[{"href":"https:\/\/staging.nbg.eu\/de\/wp-json\/wp\/v2\/product\/414753","targetHints":{"allow":["GET"]}}],"collection":[{"href":"https:\/\/staging.nbg.eu\/de\/wp-json\/wp\/v2\/product"}],"about":[{"href":"https:\/\/staging.nbg.eu\/de\/wp-json\/wp\/v2\/types\/product"}],"wp:featuredmedia":[{"embeddable":true,"href":"https:\/\/staging.nbg.eu\/de\/wp-json\/wp\/v2\/media\/359495"}],"wp:attachment":[{"href":"https:\/\/staging.nbg.eu\/de\/wp-json\/wp\/v2\/media?parent=414753"}],"wp:term":[{"taxonomy":"product_brand","embeddable":true,"href":"https:\/\/staging.nbg.eu\/de\/wp-json\/wp\/v2\/product_brand?post=414753"},{"taxonomy":"product_cat","embeddable":true,"href":"https:\/\/staging.nbg.eu\/de\/wp-json\/wp\/v2\/product_cat?post=414753"},{"taxonomy":"product_tag","embeddable":true,"href":"https:\/\/staging.nbg.eu\/de\/wp-json\/wp\/v2\/product_tag?post=414753"}],"curies":[{"name":"wp","href":"https:\/\/api.w.org\/{rel}","templated":true}]}}