{"id":414613,"date":"2025-07-03T12:33:20","date_gmt":"2025-07-03T09:33:20","guid":{"rendered":"https:\/\/staging.nbg.eu\/product\/grips-kmr-w-dotmatrix-black\/"},"modified":"2025-07-03T12:36:01","modified_gmt":"2025-07-03T09:36:01","slug":"griffe-kmr-w-dotmatrix-schwarz","status":"publish","type":"product","link":"https:\/\/staging.nbg.eu\/de\/produkt\/griffe-kmr-w-dotmatrix-schwarz\/","title":{"rendered":"GRIFFE KMR W DOTMATRIX SCHWARZ"},"content":{"rendered":"<div class=\"product-description\">\n<h2>GRIFFE KMR W DOTMATRIX SCHWARZ<\/h2>\n<p>Griffe aus Duralumin f\u00fcr KMR-Pistolen. Das Golfballmuster bietet Textur f\u00fcr sicheren Halt. Geeignet f\u00fcr bestehende Pistolen oder Wettkampfwaffen. Eigenschaften:<\/p>\n<ul>\n<li>Lange Gr\u00f6\u00dfe<\/li>\n<li>Eloxiertes Duralumin<\/li>\n<li>Ohne Magazinf\u00fchrung<\/li>\n<li>Inklusive Torx-Schrauben<\/li>\n<li>KMR-Logo<\/li>\n<\/ul>\n<p>Kompatibel mit KMR W-02 CUDA (bis 2023), UMBRA und UMBRA (OR) Modellen.<\/p>\n<\/div>\n","protected":false},"excerpt":{"rendered":"<p>Langlebige Duralumin-Griffe mit Golfball-Textur f\u00fcr KMR-Pistolen.<\/p>\n","protected":false},"featured_media":359334,"template":"","meta":{"_acf_changed":false},"product_brand":[11493],"product_cat":[12059,12108],"product_tag":[],"class_list":{"0":"post-414613","1":"product","2":"type-product","3":"status-publish","4":"has-post-thumbnail","6":"product_brand-kmr-precision","7":"product_cat-kmr-teile","8":"product_cat-pistolenteile","10":"first","11":"instock","12":"taxable","13":"shipping-taxable","14":"purchasable","15":"product-type-simple"},"acf":[],"_links":{"self":[{"href":"https:\/\/staging.nbg.eu\/de\/wp-json\/wp\/v2\/product\/414613","targetHints":{"allow":["GET"]}}],"collection":[{"href":"https:\/\/staging.nbg.eu\/de\/wp-json\/wp\/v2\/product"}],"about":[{"href":"https:\/\/staging.nbg.eu\/de\/wp-json\/wp\/v2\/types\/product"}],"wp:featuredmedia":[{"embeddable":true,"href":"https:\/\/staging.nbg.eu\/de\/wp-json\/wp\/v2\/media\/359334"}],"wp:attachment":[{"href":"https:\/\/staging.nbg.eu\/de\/wp-json\/wp\/v2\/media?parent=414613"}],"wp:term":[{"taxonomy":"product_brand","embeddable":true,"href":"https:\/\/staging.nbg.eu\/de\/wp-json\/wp\/v2\/product_brand?post=414613"},{"taxonomy":"product_cat","embeddable":true,"href":"https:\/\/staging.nbg.eu\/de\/wp-json\/wp\/v2\/product_cat?post=414613"},{"taxonomy":"product_tag","embeddable":true,"href":"https:\/\/staging.nbg.eu\/de\/wp-json\/wp\/v2\/product_tag?post=414613"}],"curies":[{"name":"wp","href":"https:\/\/api.w.org\/{rel}","templated":true}]}}