{"id":414498,"date":"2025-07-03T12:08:09","date_gmt":"2025-07-03T09:08:09","guid":{"rendered":"https:\/\/staging.nbg.eu\/product\/grips-kmr-w-dotmatrix-ergo-black\/"},"modified":"2025-07-03T12:10:49","modified_gmt":"2025-07-03T09:10:49","slug":"griffe-kmr-w-dotmatrix-ergo-schwarz","status":"publish","type":"product","link":"https:\/\/staging.nbg.eu\/de\/produkt\/griffe-kmr-w-dotmatrix-ergo-schwarz\/","title":{"rendered":"GRIFFE KMR W DOTMATRIX ERGO SCHWARZ"},"content":{"rendered":"<div class=\"product-description\">\n<h2>GRIPS KMR W DOTMATRIX ERGO SCHWARZ<\/h2>\n<p>Griffe aus Duralumin f\u00fcr KMR-Pistolen mit Golfballmuster f\u00fcr verbesserten Halt. Geeignet f\u00fcr Aufr\u00fcstungen oder Wettkampfkonfigurationen. Diese ergonomischen Griffe erm\u00f6glichen eine sichere Handhabung. Kompatibel mit KMR W-02 CUDA (bis 2023), UMBRA und UMBRA (OR) Modellen.<\/p>\n<p><strong>Referenz:<\/strong> 0611-03305-0101<\/p>\n<p><strong>Marke:<\/strong> KMR Precision Arms<\/p>\n<\/div>\n","protected":false},"excerpt":{"rendered":"<p>Langlebige Griffe mit Golfballmuster f\u00fcr KMR-Pistolen.<\/p>\n","protected":false},"featured_media":359357,"template":"","meta":{"_acf_changed":false},"product_brand":[11493],"product_cat":[12059,12108],"product_tag":[],"class_list":{"0":"post-414498","1":"product","2":"type-product","3":"status-publish","4":"has-post-thumbnail","6":"product_brand-kmr-precision","7":"product_cat-kmr-teile","8":"product_cat-pistolenteile","10":"first","11":"instock","12":"taxable","13":"shipping-taxable","14":"purchasable","15":"product-type-simple"},"acf":[],"_links":{"self":[{"href":"https:\/\/staging.nbg.eu\/de\/wp-json\/wp\/v2\/product\/414498","targetHints":{"allow":["GET"]}}],"collection":[{"href":"https:\/\/staging.nbg.eu\/de\/wp-json\/wp\/v2\/product"}],"about":[{"href":"https:\/\/staging.nbg.eu\/de\/wp-json\/wp\/v2\/types\/product"}],"wp:featuredmedia":[{"embeddable":true,"href":"https:\/\/staging.nbg.eu\/de\/wp-json\/wp\/v2\/media\/359357"}],"wp:attachment":[{"href":"https:\/\/staging.nbg.eu\/de\/wp-json\/wp\/v2\/media?parent=414498"}],"wp:term":[{"taxonomy":"product_brand","embeddable":true,"href":"https:\/\/staging.nbg.eu\/de\/wp-json\/wp\/v2\/product_brand?post=414498"},{"taxonomy":"product_cat","embeddable":true,"href":"https:\/\/staging.nbg.eu\/de\/wp-json\/wp\/v2\/product_cat?post=414498"},{"taxonomy":"product_tag","embeddable":true,"href":"https:\/\/staging.nbg.eu\/de\/wp-json\/wp\/v2\/product_tag?post=414498"}],"curies":[{"name":"wp","href":"https:\/\/api.w.org\/{rel}","templated":true}]}}