{"id":411756,"date":"2025-05-14T22:52:01","date_gmt":"2025-05-14T19:52:01","guid":{"rendered":"https:\/\/staging.nbg.eu\/product\/grips-kmr-w-dotmatrix-ergo-red\/"},"modified":"2025-07-01T17:35:13","modified_gmt":"2025-07-01T14:35:13","slug":"griffe-kmr-w-dotmatrix-ergo-rot","status":"publish","type":"product","link":"https:\/\/staging.nbg.eu\/de\/produkt\/griffe-kmr-w-dotmatrix-ergo-rot\/","title":{"rendered":"GRIFFE KMR W DOTMATRIX ERGO ROT"},"content":{"rendered":"<div class=\"product-description\">\n<h2>GRIPS KMR W DOTMATRIX ERGO ROT<\/h2>\n<p>Griffe aus Duralumin f\u00fcr KMR-Pistolen mit Golfballmuster f\u00fcr verbesserten Halt. Geeignet f\u00fcr Wettbewerbe oder Nachr\u00fcstung bestehender Waffen. Entwickelt f\u00fcr KMR W-02 CUDA (bis 2023), UMBRA und UMBRA (OR) Modelle.<\/p>\n<ul>\n<li>Referenz: 0611-03305-0101<\/li>\n<li>Marke: KMR Precision Arms<\/li>\n<li>Material: Duralumin<\/li>\n<\/ul>\n<\/div>\n","protected":false},"excerpt":{"rendered":"<p>Langlebige, ergonomische Griffe f\u00fcr KMR-Pistolen. Sicherer Halt.<\/p>\n","protected":false},"featured_media":359403,"template":"","meta":{"_acf_changed":false},"product_brand":[11493],"product_cat":[12059,12108],"product_tag":[],"class_list":{"0":"post-411756","1":"product","2":"type-product","3":"status-publish","4":"has-post-thumbnail","6":"product_brand-kmr-precision","7":"product_cat-kmr-teile","8":"product_cat-pistolenteile","10":"first","11":"outofstock","12":"taxable","13":"shipping-taxable","14":"purchasable","15":"product-type-simple"},"acf":[],"_links":{"self":[{"href":"https:\/\/staging.nbg.eu\/de\/wp-json\/wp\/v2\/product\/411756","targetHints":{"allow":["GET"]}}],"collection":[{"href":"https:\/\/staging.nbg.eu\/de\/wp-json\/wp\/v2\/product"}],"about":[{"href":"https:\/\/staging.nbg.eu\/de\/wp-json\/wp\/v2\/types\/product"}],"wp:featuredmedia":[{"embeddable":true,"href":"https:\/\/staging.nbg.eu\/de\/wp-json\/wp\/v2\/media\/359403"}],"wp:attachment":[{"href":"https:\/\/staging.nbg.eu\/de\/wp-json\/wp\/v2\/media?parent=411756"}],"wp:term":[{"taxonomy":"product_brand","embeddable":true,"href":"https:\/\/staging.nbg.eu\/de\/wp-json\/wp\/v2\/product_brand?post=411756"},{"taxonomy":"product_cat","embeddable":true,"href":"https:\/\/staging.nbg.eu\/de\/wp-json\/wp\/v2\/product_cat?post=411756"},{"taxonomy":"product_tag","embeddable":true,"href":"https:\/\/staging.nbg.eu\/de\/wp-json\/wp\/v2\/product_tag?post=411756"}],"curies":[{"name":"wp","href":"https:\/\/api.w.org\/{rel}","templated":true}]}}