{"id":411646,"date":"2025-07-01T17:24:30","date_gmt":"2025-07-01T14:24:30","guid":{"rendered":"https:\/\/staging.nbg.eu\/product\/grips-kmr-w-dotmatrix-ergo-silver\/"},"modified":"2025-07-01T17:27:13","modified_gmt":"2025-07-01T14:27:13","slug":"griffe-kmr-w-dotmatrix-ergo-silber","status":"publish","type":"product","link":"https:\/\/staging.nbg.eu\/de\/produkt\/griffe-kmr-w-dotmatrix-ergo-silber\/","title":{"rendered":"GRIFFE KMR W DOTMATRIX ERGO SILBER"},"content":{"rendered":"<div class=\"product-description\">\n<h2>GRIFFE KMR W DOTMATRIX ERGO SILBER<\/h2>\n<p>Diese Duralumin-Griffe sind f\u00fcr KMR-Pistolen geeignet. Das Golfballmuster bietet einen sicheren Halt. Sie k\u00f6nnen f\u00fcr Aufr\u00fcstungen oder Wettkampfwaffen verwendet werden.<\/p>\n<ul>\n<li>Referenz: 0611-03305-0101<\/li>\n<li>Marke: KMR Precision Arms<\/li>\n<li>Kompatibel mit: KMR W-02 CUDA, UMBRA und UMBRA (OR) Modellen<\/li>\n<\/ul>\n<\/div>\n","protected":false},"excerpt":{"rendered":"<p>Ergonomische Duralumin-Griffe mit Golfballmuster f\u00fcr KMR-Pistolen. Sicherer Halt in jeder Situation.<\/p>\n","protected":false},"featured_media":359426,"template":"","meta":{"_acf_changed":false},"product_brand":[11493],"product_cat":[12059,12108],"product_tag":[],"class_list":{"0":"post-411646","1":"product","2":"type-product","3":"status-publish","4":"has-post-thumbnail","6":"product_brand-kmr-precision","7":"product_cat-kmr-teile","8":"product_cat-pistolenteile","10":"first","11":"instock","12":"taxable","13":"shipping-taxable","14":"purchasable","15":"product-type-simple"},"acf":[],"_links":{"self":[{"href":"https:\/\/staging.nbg.eu\/de\/wp-json\/wp\/v2\/product\/411646","targetHints":{"allow":["GET"]}}],"collection":[{"href":"https:\/\/staging.nbg.eu\/de\/wp-json\/wp\/v2\/product"}],"about":[{"href":"https:\/\/staging.nbg.eu\/de\/wp-json\/wp\/v2\/types\/product"}],"wp:featuredmedia":[{"embeddable":true,"href":"https:\/\/staging.nbg.eu\/de\/wp-json\/wp\/v2\/media\/359426"}],"wp:attachment":[{"href":"https:\/\/staging.nbg.eu\/de\/wp-json\/wp\/v2\/media?parent=411646"}],"wp:term":[{"taxonomy":"product_brand","embeddable":true,"href":"https:\/\/staging.nbg.eu\/de\/wp-json\/wp\/v2\/product_brand?post=411646"},{"taxonomy":"product_cat","embeddable":true,"href":"https:\/\/staging.nbg.eu\/de\/wp-json\/wp\/v2\/product_cat?post=411646"},{"taxonomy":"product_tag","embeddable":true,"href":"https:\/\/staging.nbg.eu\/de\/wp-json\/wp\/v2\/product_tag?post=411646"}],"curies":[{"name":"wp","href":"https:\/\/api.w.org\/{rel}","templated":true}]}}