{"id":411316,"date":"2025-07-01T17:00:22","date_gmt":"2025-07-01T14:00:22","guid":{"rendered":"https:\/\/staging.nbg.eu\/product\/grips-kmr-w-modular-sandpaper-titan\/"},"modified":"2025-07-01T17:03:04","modified_gmt":"2025-07-01T14:03:04","slug":"griffschalen-kmr-w-modular-schleifpapier-titan","status":"publish","type":"product","link":"https:\/\/staging.nbg.eu\/de\/produkt\/griffschalen-kmr-w-modular-schleifpapier-titan\/","title":{"rendered":"GRIFFSCHALEN KMR W MODULAR SCHLEIFPAPIER TITAN"},"content":{"rendered":"<h2>GRIPS KMR W MODULAR SANDPAPIER TITAN<\/h2>\n<p>Verbessern Sie den Griff Ihrer Waffe mit dem GRIPS KMR W MODULAR SANDPAPIER TITAN. Dieser lange Griff ist aus eloxiertem Duralumin gefertigt f\u00fcr St\u00e4rke und Langlebigkeit. Er ist f\u00fcr die Verwendung ohne Magazinf\u00fchrung konzipiert und bietet einen anpassbaren Halt. Das Paket enth\u00e4lt Torx-Schrauben zur einfachen Montage. Der Griff tr\u00e4gt das KMR-Logo.<\/p>\n<p><strong>Referenz:<\/strong> 0611-03304-0101<\/p>\n","protected":false},"excerpt":{"rendered":"<p>Langer, langlebiger KMR-Griff. Eloxiertes Duraluminium.<\/p>\n","protected":false},"featured_media":359294,"template":"","meta":{"_acf_changed":false},"product_brand":[11493],"product_cat":[12059,12108],"product_tag":[],"class_list":{"0":"post-411316","1":"product","2":"type-product","3":"status-publish","4":"has-post-thumbnail","6":"product_brand-kmr-precision","7":"product_cat-kmr-teile","8":"product_cat-pistolenteile","10":"first","11":"instock","12":"taxable","13":"shipping-taxable","14":"purchasable","15":"product-type-simple"},"acf":[],"_links":{"self":[{"href":"https:\/\/staging.nbg.eu\/de\/wp-json\/wp\/v2\/product\/411316","targetHints":{"allow":["GET"]}}],"collection":[{"href":"https:\/\/staging.nbg.eu\/de\/wp-json\/wp\/v2\/product"}],"about":[{"href":"https:\/\/staging.nbg.eu\/de\/wp-json\/wp\/v2\/types\/product"}],"wp:featuredmedia":[{"embeddable":true,"href":"https:\/\/staging.nbg.eu\/de\/wp-json\/wp\/v2\/media\/359294"}],"wp:attachment":[{"href":"https:\/\/staging.nbg.eu\/de\/wp-json\/wp\/v2\/media?parent=411316"}],"wp:term":[{"taxonomy":"product_brand","embeddable":true,"href":"https:\/\/staging.nbg.eu\/de\/wp-json\/wp\/v2\/product_brand?post=411316"},{"taxonomy":"product_cat","embeddable":true,"href":"https:\/\/staging.nbg.eu\/de\/wp-json\/wp\/v2\/product_cat?post=411316"},{"taxonomy":"product_tag","embeddable":true,"href":"https:\/\/staging.nbg.eu\/de\/wp-json\/wp\/v2\/product_tag?post=411316"}],"curies":[{"name":"wp","href":"https:\/\/api.w.org\/{rel}","templated":true}]}}