{"id":411014,"date":"2025-07-01T16:45:47","date_gmt":"2025-07-01T13:45:47","guid":{"rendered":"https:\/\/staging.nbg.eu\/product\/surefire-ep7-bk-mpr-bulk-ear-plugs\/"},"modified":"2025-07-01T16:48:37","modified_gmt":"2025-07-01T13:48:37","slug":"surefire-ep7-bk-mpr-bulk-ohrstoepsel","status":"publish","type":"product","link":"https:\/\/staging.nbg.eu\/de\/produkt\/surefire-ep7-bk-mpr-bulk-ohrstoepsel\/","title":{"rendered":"Surefire EP7-BK-MPR-BULK Ohrst\u00f6psel"},"content":{"rendered":"<div class=\"product-description\">\n<h2>Surefire EP7-BK-MPR-BULK Geh\u00f6rschutz<\/h2>\n<h2>Geh\u00f6rschutz<\/h2>\n<p>Die Surefire EP7 Sonic Defenders Ultra Geh\u00f6rschutzst\u00f6psel bieten Geh\u00f6rschutz ohne die F\u00e4higkeit zu beeintr\u00e4chtigen, wichtige Ger\u00e4usche zu h\u00f6ren. Mit einem L\u00e4rmminderungswert (NRR) von 28 dB sch\u00fctzen diese Ohrst\u00f6psel effektiv vor l\u00e4rminduziertem H\u00f6rverlust (NIHL).<\/p>\n<h3>Hauptmerkmale:<\/h3>\n<ul>\n<li>Patentiertes Design mit weichen Comply\u2122 Schaumstoffaufs\u00e4tzen<\/li>\n<li>28-dB L\u00e4rmminderungswert (NRR) mit eingesetzten Filterkappen<\/li>\n<li>L\u00e4sst sichere Ger\u00e4uschpegel durch, w\u00e4hrend sch\u00e4dliche Ger\u00e4usche \u00fcber 85 dB reduziert werden<\/li>\n<li>EarLock\u00ae Halteringe mit sieben Kontaktpunkten f\u00fcr sicheren, konstanten Sitz<\/li>\n<li>Hergestellt aus hypoallergenem, medizinischem Polymer f\u00fcr Komfort und Haltbarkeit<\/li>\n<li>Flaches Design, kompatibel mit Masken, Helmen und Kopfh\u00f6rern<\/li>\n<li>Anbringbare Filterkappen f\u00fcr zus\u00e4tzlichen Schutz in lauten Umgebungen<\/li>\n<li>Kompatibel mit verschiedenen Funkkommunikationssystemen<\/li>\n<\/ul>\n<h3>Zus\u00e4tzliche Informationen:<\/h3>\n<ul>\n<li>Erh\u00e4ltlich in durchsichtig, schwarz oder orange<\/li>\n<li>Inklusive 66 cm Polymer-Trageband und zus\u00e4tzlichem Paar Comply\u2122 Schaumstoffaufs\u00e4tze<\/li>\n<li>Gr\u00f6\u00dfen: Klein (S), Mittel (M) und Gro\u00df (L)<\/li>\n<li>Konformit\u00e4tserkl\u00e4rung verf\u00fcgbar unter surefire.com\/doc-ep7<\/li>\n<\/ul>\n<p>Sch\u00fctzen Sie Ihr Geh\u00f6r ohne Einschr\u00e4nkung der Umgebungswahrnehmung. Die Surefire EP7 Sonic Defenders Ultra Geh\u00f6rschutzst\u00f6psel sind f\u00fcr professionelle und Freizeitanwendungen geeignet und bieten Komfort, Vielseitigkeit und Geh\u00f6rschutz.<\/p>\n<\/div>\n","protected":false},"excerpt":{"rendered":"<p>Sch\u00fctzende Ohrst\u00f6psel mit 28 dB L\u00e4rmminderungswert. L\u00e4sst sichere Ger\u00e4usche durch. Bequeme Schaumstoffspitzen.<\/p>\n","protected":false},"featured_media":399765,"template":"","meta":{"_acf_changed":false},"product_brand":[11870],"product_cat":[12074,12069],"product_tag":[],"class_list":{"0":"post-411014","1":"product","2":"type-product","3":"status-publish","4":"has-post-thumbnail","6":"product_brand-surefire","7":"product_cat-ausruestung","8":"product_cat-gehoerschutz","10":"first","11":"instock","12":"taxable","13":"shipping-taxable","14":"purchasable","15":"product-type-simple"},"acf":[],"_links":{"self":[{"href":"https:\/\/staging.nbg.eu\/de\/wp-json\/wp\/v2\/product\/411014","targetHints":{"allow":["GET"]}}],"collection":[{"href":"https:\/\/staging.nbg.eu\/de\/wp-json\/wp\/v2\/product"}],"about":[{"href":"https:\/\/staging.nbg.eu\/de\/wp-json\/wp\/v2\/types\/product"}],"wp:featuredmedia":[{"embeddable":true,"href":"https:\/\/staging.nbg.eu\/de\/wp-json\/wp\/v2\/media\/399765"}],"wp:attachment":[{"href":"https:\/\/staging.nbg.eu\/de\/wp-json\/wp\/v2\/media?parent=411014"}],"wp:term":[{"taxonomy":"product_brand","embeddable":true,"href":"https:\/\/staging.nbg.eu\/de\/wp-json\/wp\/v2\/product_brand?post=411014"},{"taxonomy":"product_cat","embeddable":true,"href":"https:\/\/staging.nbg.eu\/de\/wp-json\/wp\/v2\/product_cat?post=411014"},{"taxonomy":"product_tag","embeddable":true,"href":"https:\/\/staging.nbg.eu\/de\/wp-json\/wp\/v2\/product_tag?post=411014"}],"curies":[{"name":"wp","href":"https:\/\/api.w.org\/{rel}","templated":true}]}}