{"id":409648,"date":"2025-07-01T13:40:07","date_gmt":"2025-07-01T10:40:07","guid":{"rendered":"https:\/\/staging.nbg.eu\/product\/surefire-m340v-tn-pro-scout-light-pro\/"},"modified":"2025-07-01T13:43:00","modified_gmt":"2025-07-01T10:43:00","slug":"surefire-m340v-tn-pro-scout-light-pro","status":"publish","type":"product","link":"https:\/\/staging.nbg.eu\/de\/produkt\/surefire-m340v-tn-pro-scout-light-pro\/","title":{"rendered":"Surefire M340V-TN-PRO Scout Light Pro"},"content":{"rendered":"<h2>Surefire M340V-TN-PRO Scout Light Pro<\/h2>\n<h2>F\u00fcr Nutzung bei Dunkelheit<\/h2>\n<p>Die Mini Infrarot Scout Light\u00ae Pro ist eine 3-Volt-Waffenleuchte, entwickelt f\u00fcr verschiedene Lichtverh\u00e4ltnisse. Diese vielseitige Beleuchtung bietet:<\/p>\n<ul>\n<li>250 Lumen wei\u00dfes Licht<\/li>\n<li>100 mW unsichtbare Infrarotbeleuchtung f\u00fcr Nachtsichtger\u00e4te<\/li>\n<li>Keine IR-Filter oder Ersatzlampen erforderlich<\/li>\n<li>SureFires neue Low-Profile-Halterung (LPM) f\u00fcr Vielseitigkeit<\/li>\n<li>Einfaches Umschalten zwischen Wei\u00dflicht, Deaktivierung und Infrarotmodus<\/li>\n<li>TIR-Linse f\u00fcr einen engen Strahl f\u00fcr Nah- bis Mittelbereichsanwendungen<\/li>\n<\/ul>\n<h3>Robuste Konstruktion<\/h3>\n<p>Die M340V-TN-PRO ist f\u00fcr harte Eins\u00e4tze gebaut und verf\u00fcgt \u00fcber:<\/p>\n<ul>\n<li>Geh\u00e4use aus hochfestem Luft- und Raumfahrtaluminium<\/li>\n<li>Mil-Spec Harteloxierung f\u00fcr Haltbarkeit und Korrosionsbest\u00e4ndigkeit<\/li>\n<li>Sehr widerstandsf\u00e4hige IR- und wei\u00dfe LEDs<\/li>\n<li>IPX7 Wasserdichtigkeitsklasse<\/li>\n<\/ul>\n<h3>Technische Daten<\/h3>\n<ul>\n<li>Leistung: 250 Lumen (wei\u00df) \/ 100 mW (IR)<\/li>\n<li>Laufzeit: 1,5 Stunden (wei\u00df) \/ 6,0 Stunden (IR)<\/li>\n<li>Maximale Strahlintensit\u00e4t: 9.300 Candela<\/li>\n<li>Leuchtweite: 190 Meter<\/li>\n<li>L\u00e4nge: 4,1 Zoll (10,4 cm)<\/li>\n<li>Gewicht: 3,4 oz (96,4 g) mit Batterie<\/li>\n<li>Stromversorgung: Eine 123A Lithiumbatterie (enthalten)<\/li>\n<\/ul>\n<p>Die Surefire M340V-TN-PRO Scout Light Pro bietet Vielseitigkeit und Leistung f\u00fcr taktische Situationen bei schlechten Lichtverh\u00e4ltnissen.<\/p>\n","protected":false},"excerpt":{"rendered":"<p>Vielseitige taktische Lampe mit 250 Lumen wei\u00df\/100mW IR, robustes Design, schienenmoniert.<\/p>\n","protected":false},"featured_media":400316,"template":"","meta":{"_acf_changed":false},"product_brand":[11870],"product_cat":[12058,12098],"product_tag":[],"class_list":{"0":"post-409648","1":"product","2":"type-product","3":"status-publish","4":"has-post-thumbnail","6":"product_brand-surefire","7":"product_cat-gewehrlampen","8":"product_cat-lampen","10":"first","11":"instock","12":"taxable","13":"shipping-taxable","14":"purchasable","15":"product-type-simple"},"acf":[],"_links":{"self":[{"href":"https:\/\/staging.nbg.eu\/de\/wp-json\/wp\/v2\/product\/409648","targetHints":{"allow":["GET"]}}],"collection":[{"href":"https:\/\/staging.nbg.eu\/de\/wp-json\/wp\/v2\/product"}],"about":[{"href":"https:\/\/staging.nbg.eu\/de\/wp-json\/wp\/v2\/types\/product"}],"wp:featuredmedia":[{"embeddable":true,"href":"https:\/\/staging.nbg.eu\/de\/wp-json\/wp\/v2\/media\/400316"}],"wp:attachment":[{"href":"https:\/\/staging.nbg.eu\/de\/wp-json\/wp\/v2\/media?parent=409648"}],"wp:term":[{"taxonomy":"product_brand","embeddable":true,"href":"https:\/\/staging.nbg.eu\/de\/wp-json\/wp\/v2\/product_brand?post=409648"},{"taxonomy":"product_cat","embeddable":true,"href":"https:\/\/staging.nbg.eu\/de\/wp-json\/wp\/v2\/product_cat?post=409648"},{"taxonomy":"product_tag","embeddable":true,"href":"https:\/\/staging.nbg.eu\/de\/wp-json\/wp\/v2\/product_tag?post=409648"}],"curies":[{"name":"wp","href":"https:\/\/api.w.org\/{rel}","templated":true}]}}