{"id":404902,"date":"2025-06-30T12:11:10","date_gmt":"2025-06-30T09:11:10","guid":{"rendered":"https:\/\/staging.nbg.eu\/product\/ammunition-cci-cal-22-lr-mini-mag-cprn-40gr-100pcs\/"},"modified":"2025-06-30T12:12:42","modified_gmt":"2025-06-30T09:12:42","slug":"munition-cci-kal-22-lr-mini-mag-cprn-40gr-100stk","status":"publish","type":"product","link":"https:\/\/staging.nbg.eu\/de\/produkt\/munition-cci-kal-22-lr-mini-mag-cprn-40gr-100stk\/","title":{"rendered":"MUNITION CCI Kal. 22 LR Mini Mag CPRN 40gr \/100Stk"},"content":{"rendered":"<div class=\"product-description\">\n<h2>MUNITION CCI Kaliber 22 LR Mini Mag CPRN 40gr \/100 St\u00fcck<\/h2>\n<p>CCI Mini-Mag\u00ae ist eine 22 LR Ladung f\u00fcr Zielschie\u00dfen.<\/p>\n<h2>Hauptmerkmale:<\/h2>\n<ul>\n<li>Originales CCI-Angebot<\/li>\n<li>Zuverl\u00e4ssige Zuf\u00fchrung<\/li>\n<li>Sauberes Pulver reduziert Laufverschmutzung<\/li>\n<li>CCI\u00ae Z\u00fcndung und Messing f\u00fcr konsistente Leistung<\/li>\n<\/ul>\n<h2>Spezifikationen:<\/h2>\n<table>\n<tr>\n<td>Kaliber:<\/td>\n<td>22 LR<\/td>\n<\/tr>\n<tr>\n<td>Geschossgewicht:<\/td>\n<td>40 Grain<\/td>\n<\/tr>\n<tr>\n<td>Geschossart:<\/td>\n<td>Kupferplattiertes Rundkopfgeschoss (CPRN)<\/td>\n<\/tr>\n<tr>\n<td>M\u00fcndungsgeschwindigkeit:<\/td>\n<td>1235 fps<\/td>\n<\/tr>\n<tr>\n<td>Ballistischer Koeffizient:<\/td>\n<td>0,130<\/td>\n<\/tr>\n<tr>\n<td>Verpackungsmenge:<\/td>\n<td>100 Schuss<\/td>\n<\/tr>\n<tr>\n<td>Verwendung:<\/td>\n<td>Zielschie\u00dfen<\/td>\n<\/tr>\n<\/table>\n<h2>Ballistik:<\/h2>\n<table>\n<tr>\n<th>Entfernung<\/th>\n<th>Geschwindigkeit (fps)<\/th>\n<\/tr>\n<tr>\n<td>M\u00fcndung<\/td>\n<td>1235<\/td>\n<\/tr>\n<tr>\n<td>45,72 m (50 Yards)<\/td>\n<td>1092<\/td>\n<\/tr>\n<tr>\n<td>68,58 m (75 Yards)<\/td>\n<td>1040<\/td>\n<\/tr>\n<tr>\n<td>91,44 m (100 Yards)<\/td>\n<td>998<\/td>\n<\/tr>\n<\/table>\n<\/div>\n","protected":false},"excerpt":{"rendered":"<p>Beliebte 22 LR Mini-Mag: sauber, zuverl\u00e4ssig, pr\u00e4zise. 40gr CPRN, 100 St\u00fcck.<\/p>\n","protected":false},"featured_media":359546,"template":"","meta":{"_acf_changed":false},"product_brand":[],"product_cat":[12092,12082],"product_tag":[],"class_list":{"0":"post-404902","1":"product","2":"type-product","3":"status-publish","4":"has-post-thumbnail","6":"product_cat-lizenziert","7":"product_cat-munition","9":"first","10":"instock","11":"taxable","12":"shipping-taxable","13":"product-type-simple"},"acf":[],"_links":{"self":[{"href":"https:\/\/staging.nbg.eu\/de\/wp-json\/wp\/v2\/product\/404902","targetHints":{"allow":["GET"]}}],"collection":[{"href":"https:\/\/staging.nbg.eu\/de\/wp-json\/wp\/v2\/product"}],"about":[{"href":"https:\/\/staging.nbg.eu\/de\/wp-json\/wp\/v2\/types\/product"}],"wp:featuredmedia":[{"embeddable":true,"href":"https:\/\/staging.nbg.eu\/de\/wp-json\/wp\/v2\/media\/359546"}],"wp:attachment":[{"href":"https:\/\/staging.nbg.eu\/de\/wp-json\/wp\/v2\/media?parent=404902"}],"wp:term":[{"taxonomy":"product_brand","embeddable":true,"href":"https:\/\/staging.nbg.eu\/de\/wp-json\/wp\/v2\/product_brand?post=404902"},{"taxonomy":"product_cat","embeddable":true,"href":"https:\/\/staging.nbg.eu\/de\/wp-json\/wp\/v2\/product_cat?post=404902"},{"taxonomy":"product_tag","embeddable":true,"href":"https:\/\/staging.nbg.eu\/de\/wp-json\/wp\/v2\/product_tag?post=404902"}],"curies":[{"name":"wp","href":"https:\/\/api.w.org\/{rel}","templated":true}]}}