{"id":404687,"date":"2025-06-30T12:01:44","date_gmt":"2025-06-30T09:01:44","guid":{"rendered":"https:\/\/staging.nbg.eu\/product\/pistol-glock-17-gen5-mos-fs-cal-9x19\/"},"modified":"2025-06-30T12:03:23","modified_gmt":"2025-06-30T09:03:23","slug":"pistole-glock-17-gen5-mos-fs-kal-9x19","status":"publish","type":"product","link":"https:\/\/staging.nbg.eu\/de\/produkt\/pistole-glock-17-gen5-mos-fs-kal-9x19\/","title":{"rendered":"PISTOLE GLOCK 17 GEN5 MOS FS Kal. 9&#215;19"},"content":{"rendered":"<div class=\"product-description\">\n<h2>GLOCK 17 Gen5 MOS FS 9x19mm<\/h2>\n<p>Die GLOCK 17 Gen5 MOS FS kombiniert das Gen5-Design mit dem Modularen Optik-System (MOS).<\/p>\n<h2>Hauptmerkmale:<\/h2>\n<ul>\n<li>Kaliber: 9x19mm<\/li>\n<li>Magazinkapazit\u00e4t: Standard 17 Schuss (10 und 24 Schuss-Optionen verf\u00fcgbar)<\/li>\n<li>Laufl\u00e4nge: 114 mm<\/li>\n<li>Gewicht (ungeladen): 705 g<\/li>\n<li>Abzugsgewicht: 26 N<\/li>\n<li>Gesamtl\u00e4nge: 202 mm<\/li>\n<\/ul>\n<h2>MOS-Technologie<\/h2>\n<p>Der Schlitten erm\u00f6glicht die Montage von Rotpunktvisieren. Adapterplatten gew\u00e4hrleisten Kompatibilit\u00e4t mit verschiedenen Optiken.<\/p>\n<h2>Gen5-Verbesserungen<\/h2>\n<p>Das Gen5-Modell bietet:<\/p>\n<ul>\n<li>Vordere Schlittenserrations<\/li>\n<li>nDLC-Oberfl\u00e4chenfinish<\/li>\n<li>Gen5-Grifftextur<\/li>\n<li>Beidseitige Bedienelemente<\/li>\n<li>GLOCK Modulares R\u00fcckensystem (MBS)<\/li>\n<\/ul>\n<h2>Sicherheit und Zuverl\u00e4ssigkeit<\/h2>\n<p>Ausgestattet mit dem GLOCK Safe Action\u00ae System. Orange Magazinfolger verbessern die Effizienz beim Nachladen und bei Kammerchecks.<\/p>\n<h2>Anwendungsbereiche<\/h2>\n<p>Geeignet f\u00fcr Strafverfolgung, milit\u00e4rische Nutzung, Wettkampfschie\u00dfen oder Selbstverteidigung.<\/p>\n<p>Die GLOCK 17 Gen5 MOS FS kombiniert Tradition und Innovation.<\/p>\n<\/div>\n","protected":false},"excerpt":{"rendered":"<p>Vielseitige 9mm-Pistole mit modularem Optiksystem, beidseitig bedienbaren Bedienelementen und einer Kapazit\u00e4t von 17 Schuss.<\/p>\n","protected":false},"featured_media":359076,"template":"","meta":{"_acf_changed":false},"product_brand":[11407],"product_cat":[12092,12064,12054],"product_tag":[],"class_list":{"0":"post-404687","1":"product","2":"type-product","3":"status-publish","4":"has-post-thumbnail","6":"product_brand-glock","7":"product_cat-lizenziert","8":"product_cat-pistole","9":"product_cat-pistolen","11":"first","12":"instock","13":"taxable","14":"shipping-taxable","15":"purchasable","16":"product-type-simple"},"acf":[],"_links":{"self":[{"href":"https:\/\/staging.nbg.eu\/de\/wp-json\/wp\/v2\/product\/404687","targetHints":{"allow":["GET"]}}],"collection":[{"href":"https:\/\/staging.nbg.eu\/de\/wp-json\/wp\/v2\/product"}],"about":[{"href":"https:\/\/staging.nbg.eu\/de\/wp-json\/wp\/v2\/types\/product"}],"wp:featuredmedia":[{"embeddable":true,"href":"https:\/\/staging.nbg.eu\/de\/wp-json\/wp\/v2\/media\/359076"}],"wp:attachment":[{"href":"https:\/\/staging.nbg.eu\/de\/wp-json\/wp\/v2\/media?parent=404687"}],"wp:term":[{"taxonomy":"product_brand","embeddable":true,"href":"https:\/\/staging.nbg.eu\/de\/wp-json\/wp\/v2\/product_brand?post=404687"},{"taxonomy":"product_cat","embeddable":true,"href":"https:\/\/staging.nbg.eu\/de\/wp-json\/wp\/v2\/product_cat?post=404687"},{"taxonomy":"product_tag","embeddable":true,"href":"https:\/\/staging.nbg.eu\/de\/wp-json\/wp\/v2\/product_tag?post=404687"}],"curies":[{"name":"wp","href":"https:\/\/api.w.org\/{rel}","templated":true}]}}