{"id":39333,"date":"2024-08-26T13:35:02","date_gmt":"2024-09-09T14:48:56","guid":{"rendered":"https:\/\/staging.nbg.eu\/product\/vanward-felt\/"},"modified":"2024-09-09T14:50:29","modified_gmt":"2024-09-09T14:50:29","slug":"vanward-filz","status":"publish","type":"product","link":"https:\/\/staging.nbg.eu\/de\/produkt\/vanward-filz\/","title":{"rendered":"Vanward Filz"},"content":{"rendered":"<div class=\"product-description\">\n<h2>Vanward Felt Schalld\u00e4mpfer<\/h2>\n<p>Erleben Sie die n\u00e4chste Evolution der Schalld\u00e4mpfertechnologie mit dem Vanward Felt, entwickelt aus den 3D-gedruckten Schalld\u00e4mpfern von TE-Titan.<\/p>\n<h2>Hauptmerkmale:<\/h2>\n<ul>\n<li>Optimierter Prallplattenabstand f\u00fcr \u00fcberlegenen Druckausgleich<\/li>\n<li>Sechseckiges Au\u00dfendesign f\u00fcr erh\u00f6hte Festigkeit und effiziente K\u00fchlung<\/li>\n<li>Unglaublich leicht mit nur 171 Gramm*<\/li>\n<li>3D-gedruckt in einem St\u00fcck aus Titan Grad 5<\/li>\n<li>Gewindeabschnitt aus rostfreiem Stahl<\/li>\n<li>Best\u00e4ndig gegen Wasser, Salzl\u00f6sungen und Waffengase<\/li>\n<li>Minimale Pulverr\u00fcckstandsanhaftung<\/li>\n<\/ul>\n<h2>Spezifikationen:<\/h2>\n<ul>\n<li>Verf\u00fcgbare Kaliber: .223, .264, .30<\/li>\n<li>Gewindetypen: M18x1, M15x1, M14x1, 1\/2*28<\/li>\n<li>Abmessungen: \u00d842mm x 130mm L\u00e4nge<\/li>\n<\/ul>\n<p>Der Vanward Felt wurde unter Mitwirkung von Top-Feldsch\u00fctzen entwickelt und bietet un\u00fcbertroffene Sicherheit, Festigkeit und Leistung. Seine integrierten K\u00fchlrippen und das leichte Design machen ihn ideal f\u00fcr Anwendungen beim Feldschie\u00dfen.<\/p>\n<p><em>*Gewicht f\u00fcr Gewindetyp M14x1<\/em><\/p>\n<\/div>\n","protected":false},"excerpt":{"rendered":"<p>Leichter, 3D-gedruckter Titan-Schalld\u00e4mpfer mit optimiertem Design.<\/p>\n","protected":false},"featured_media":32223,"template":"","meta":{"_acf_changed":false},"product_brand":[11931],"product_cat":[12107,12060,12042],"product_tag":[],"class_list":{"0":"post-39333","1":"product","2":"type-product","3":"status-publish","4":"has-post-thumbnail","6":"product_brand-vanward","7":"product_cat-gewehr","8":"product_cat-gewehr-schalldaempfer","9":"product_cat-schalldaempfer","11":"first","12":"instock","13":"taxable","14":"shipping-taxable","15":"purchasable","16":"product-type-variable","17":"wvs-archive-product-wrapper"},"acf":[],"_links":{"self":[{"href":"https:\/\/staging.nbg.eu\/de\/wp-json\/wp\/v2\/product\/39333","targetHints":{"allow":["GET"]}}],"collection":[{"href":"https:\/\/staging.nbg.eu\/de\/wp-json\/wp\/v2\/product"}],"about":[{"href":"https:\/\/staging.nbg.eu\/de\/wp-json\/wp\/v2\/types\/product"}],"wp:featuredmedia":[{"embeddable":true,"href":"https:\/\/staging.nbg.eu\/de\/wp-json\/wp\/v2\/media\/32223"}],"wp:attachment":[{"href":"https:\/\/staging.nbg.eu\/de\/wp-json\/wp\/v2\/media?parent=39333"}],"wp:term":[{"taxonomy":"product_brand","embeddable":true,"href":"https:\/\/staging.nbg.eu\/de\/wp-json\/wp\/v2\/product_brand?post=39333"},{"taxonomy":"product_cat","embeddable":true,"href":"https:\/\/staging.nbg.eu\/de\/wp-json\/wp\/v2\/product_cat?post=39333"},{"taxonomy":"product_tag","embeddable":true,"href":"https:\/\/staging.nbg.eu\/de\/wp-json\/wp\/v2\/product_tag?post=39333"}],"curies":[{"name":"wp","href":"https:\/\/api.w.org\/{rel}","templated":true}]}}