{"id":37511,"date":"2024-09-02T16:37:54","date_gmt":"2024-09-02T16:37:54","guid":{"rendered":"https:\/\/staging.nbg.eu\/product\/bcm-kag-m-lok-compatible\/"},"modified":"2024-09-09T14:01:20","modified_gmt":"2024-09-09T14:01:20","slug":"bcm-kag-m-lok-kompatibel","status":"publish","type":"product","link":"https:\/\/staging.nbg.eu\/de\/produkt\/bcm-kag-m-lok-kompatibel\/","title":{"rendered":"BCM\u00ae KAG &#8211; (M-LOK\u00ae Kompatibel*)"},"content":{"rendered":"<div class=\"product-description\">\n<h2>BCM\u00ae KAG &#8211; Kin\u00e4sthetischer Winkelgriff (M-LOK\u00ae kompatibel*)<\/h2>\n<p>Verbessern Sie Ihr Schie\u00dferlebnis mit dem BCM\u00ae KAG, einer Zusammenarbeit zwischen BCM\u00ae und Travis Haley von Haley Strategic Partners. Dieser innovative Griff bietet:<\/p>\n<ul>\n<li>Biomechanisch effizienter Vorw\u00e4rtsneigung f\u00fcr positiven Halt<\/li>\n<li>Entlastung f\u00fcr Handgelenk, Ellbogen und Schulter<\/li>\n<li>Strukturierte Vorder- und R\u00fcckseite f\u00fcr konsistenten Einsatz<\/li>\n<li>Ideal f\u00fcr den &#8222;C-Klammergriff&#8220; und unterst\u00fctzte Schie\u00dfpositionen<\/li>\n<li>Kompaktes Design f\u00fcr verbesserte Waffenhandhabung<\/li>\n<li>Hergestellt in den USA aus hochwertigen, sto\u00dffesten Polymeren<\/li>\n<\/ul>\n<p>Das ergonomische Design des KAG erg\u00e4nzt moderne Schie\u00dfgriffe und erm\u00f6glicht reibungslose \u00dcberg\u00e4nge und verbesserte Effizienz, ohne Ihrem Waffensystem zus\u00e4tzliches Volumen hinzuzuf\u00fcgen.<\/p>\n<\/div>\n","protected":false},"excerpt":{"rendered":"<p>BCM\u00ae KAG: Ergonomischer M-LOK\u00ae Griff f\u00fcr verbesserte Waffenkontrolle.<\/p>\n","protected":false},"featured_media":37353,"template":"","meta":{"_acf_changed":false},"product_brand":[11063],"product_cat":[12123],"product_tag":[],"class_list":{"0":"post-37511","1":"product","2":"type-product","3":"status-publish","4":"has-post-thumbnail","6":"product_brand-bcm","7":"product_cat-unkategorisiert","9":"first","10":"instock","11":"taxable","12":"shipping-taxable","13":"purchasable","14":"product-type-variable","15":"wvs-archive-product-wrapper"},"acf":[],"_links":{"self":[{"href":"https:\/\/staging.nbg.eu\/de\/wp-json\/wp\/v2\/product\/37511","targetHints":{"allow":["GET"]}}],"collection":[{"href":"https:\/\/staging.nbg.eu\/de\/wp-json\/wp\/v2\/product"}],"about":[{"href":"https:\/\/staging.nbg.eu\/de\/wp-json\/wp\/v2\/types\/product"}],"wp:featuredmedia":[{"embeddable":true,"href":"https:\/\/staging.nbg.eu\/de\/wp-json\/wp\/v2\/media\/37353"}],"wp:attachment":[{"href":"https:\/\/staging.nbg.eu\/de\/wp-json\/wp\/v2\/media?parent=37511"}],"wp:term":[{"taxonomy":"product_brand","embeddable":true,"href":"https:\/\/staging.nbg.eu\/de\/wp-json\/wp\/v2\/product_brand?post=37511"},{"taxonomy":"product_cat","embeddable":true,"href":"https:\/\/staging.nbg.eu\/de\/wp-json\/wp\/v2\/product_cat?post=37511"},{"taxonomy":"product_tag","embeddable":true,"href":"https:\/\/staging.nbg.eu\/de\/wp-json\/wp\/v2\/product_tag?post=37511"}],"curies":[{"name":"wp","href":"https:\/\/api.w.org\/{rel}","templated":true}]}}