{"id":37449,"date":"2024-09-02T10:45:09","date_gmt":"2024-09-09T13:25:03","guid":{"rendered":"https:\/\/staging.nbg.eu\/product\/condition-one-j-arm-45-1-70\/"},"modified":"2024-09-09T13:25:40","modified_gmt":"2024-09-09T13:25:40","slug":"condition-one-j-arm-45-170","status":"publish","type":"product","link":"https:\/\/staging.nbg.eu\/de\/produkt\/condition-one-j-arm-45-170\/","title":{"rendered":"Condition One J-Arm 45\u00b0 1.70"},"content":{"rendered":"<div class=\"product-description\">\n<h2>Condition One J-Arm 45\u00b0 1,70<\/h2>\n<p>Erweitern Sie Ihre Condition One Modulare Halterung (C.O.M.M.) mit dem vielseitigen Condition One J-Arm. Dieses essentielle Zubeh\u00f6r bietet unvergleichliche Flexibilit\u00e4t f\u00fcr die Montage verschiedener Aufs\u00e4tze an Ihrem Setup.<\/p>\n<ul>\n<li>45\u00b0-Winkel f\u00fcr optimale Positionierung<\/li>\n<li>1,70&#8243; L\u00e4nge f\u00fcr pr\u00e4zise Zubeh\u00f6rplatzierung<\/li>\n<li>Beidh\u00e4ndiges Design &#8211; links oder rechts montierbar<\/li>\n<li>Einstellbare Vor- und R\u00fcckpositionierung<\/li>\n<li>Gefertigt aus strapazierf\u00e4higem 7075-T6 Aluminium<\/li>\n<li>Typ III Hart-Eloxierte Oberfl\u00e4che<\/li>\n<li>Erh\u00e4ltlich in Tan und Schwarz<\/li>\n<\/ul>\n<p>Passen Sie Ihr Gear-Layout einfach und effizient an. Die anpassungsf\u00e4hige Natur des J-Arms erm\u00f6glicht es Anwendern, ihr Setup f\u00fcr jede Mission oder Pr\u00e4ferenz zu optimieren. Erleben Sie \u00fcberlegene Qualit\u00e4t und Funktionalit\u00e4t mit dem Condition One J-Arm 45\u00b0 1,70.<\/p>\n<\/div>\n","protected":false},"excerpt":{"rendered":"<p>Vielseitiger 45\u00b0-J-Arm-Halter f\u00fcr C.O.M.M. Haltbares Aluminium, verstellbar.<\/p>\n","protected":false},"featured_media":35361,"template":"","meta":{"_acf_changed":false},"product_brand":[11079],"product_cat":[12107,12056,12084,12083],"product_tag":[],"class_list":{"0":"post-37449","1":"product","2":"type-product","3":"status-publish","4":"has-post-thumbnail","6":"product_brand-badger-ordnance","7":"product_cat-gewehr","8":"product_cat-gewehr-tuning","9":"product_cat-rotpunktvisiere","10":"product_cat-zielen","12":"first","13":"instock","14":"taxable","15":"shipping-taxable","16":"purchasable","17":"product-type-simple"},"acf":[],"_links":{"self":[{"href":"https:\/\/staging.nbg.eu\/de\/wp-json\/wp\/v2\/product\/37449","targetHints":{"allow":["GET"]}}],"collection":[{"href":"https:\/\/staging.nbg.eu\/de\/wp-json\/wp\/v2\/product"}],"about":[{"href":"https:\/\/staging.nbg.eu\/de\/wp-json\/wp\/v2\/types\/product"}],"wp:featuredmedia":[{"embeddable":true,"href":"https:\/\/staging.nbg.eu\/de\/wp-json\/wp\/v2\/media\/35361"}],"wp:attachment":[{"href":"https:\/\/staging.nbg.eu\/de\/wp-json\/wp\/v2\/media?parent=37449"}],"wp:term":[{"taxonomy":"product_brand","embeddable":true,"href":"https:\/\/staging.nbg.eu\/de\/wp-json\/wp\/v2\/product_brand?post=37449"},{"taxonomy":"product_cat","embeddable":true,"href":"https:\/\/staging.nbg.eu\/de\/wp-json\/wp\/v2\/product_cat?post=37449"},{"taxonomy":"product_tag","embeddable":true,"href":"https:\/\/staging.nbg.eu\/de\/wp-json\/wp\/v2\/product_tag?post=37449"}],"curies":[{"name":"wp","href":"https:\/\/api.w.org\/{rel}","templated":true}]}}