{"id":36341,"date":"2024-07-30T18:54:40","date_gmt":"2024-09-02T13:54:34","guid":{"rendered":"https:\/\/staging.nbg.eu\/product\/mag-now-single-m4-pouch\/"},"modified":"2024-09-02T13:55:22","modified_gmt":"2024-09-02T13:55:22","slug":"mag-now-single-m4-magazintasche","status":"publish","type":"product","link":"https:\/\/staging.nbg.eu\/de\/produkt\/mag-now-single-m4-magazintasche\/","title":{"rendered":"MAG NOW! SINGLE M4 MAGAZINTASCHE"},"content":{"rendered":"<div class=\"product-description\">\n<h2>MAG NOW! EINZELNE M4-TASCHE von BlueForceGear<\/h2>\n<p>Die MAG NOW! EINZELNE M4-TASCHE ist ein vielseitiger und langlebiger Magazintr\u00e4ger, der f\u00fcr schnellen Zugriff und sicheren Halt konzipiert wurde. Zu den Merkmalen geh\u00f6ren:<\/p>\n<ul>\n<li>Ultraleichte Konstruktion aus propriet\u00e4rem ULTRAcomp-Material<\/li>\n<li>Einstellbare Retention f\u00fcr verschiedene Magazintypen<\/li>\n<li>MOLLE-kompatibles Befestigungssystem<\/li>\n<li>Ambidextr\u00f6ses Design f\u00fcr Links- oder Rechtsh\u00e4nder<\/li>\n<li>Flaches Profil f\u00fcr reduziertes Volumen<\/li>\n<\/ul>\n<p>Perfekt f\u00fcr Milit\u00e4r, Strafverfolgungsbeh\u00f6rden und Wettkampfsch\u00fctzen, die schnelle Magazinwechsel und zuverl\u00e4ssige Ausr\u00fcstung ben\u00f6tigen.<\/p>\n<\/div>\n","protected":false},"excerpt":{"rendered":"<p>Sichere, schnell zug\u00e4ngliche M4-Magazintasche. Haltbares, leichtes Design.<\/p>\n","protected":false},"featured_media":21100,"template":"","meta":{"_acf_changed":false},"product_brand":[11129],"product_cat":[12074,12050,12065],"product_tag":[],"class_list":{"0":"post-36341","1":"product","2":"type-product","3":"status-publish","4":"has-post-thumbnail","6":"product_brand-blue-force-gear","7":"product_cat-ausruestung","8":"product_cat-magazinhalter","9":"product_cat-taschen","11":"first","12":"instock","13":"taxable","14":"shipping-taxable","15":"purchasable","16":"product-type-variable","17":"wvs-archive-product-wrapper"},"acf":[],"_links":{"self":[{"href":"https:\/\/staging.nbg.eu\/de\/wp-json\/wp\/v2\/product\/36341","targetHints":{"allow":["GET"]}}],"collection":[{"href":"https:\/\/staging.nbg.eu\/de\/wp-json\/wp\/v2\/product"}],"about":[{"href":"https:\/\/staging.nbg.eu\/de\/wp-json\/wp\/v2\/types\/product"}],"wp:featuredmedia":[{"embeddable":true,"href":"https:\/\/staging.nbg.eu\/de\/wp-json\/wp\/v2\/media\/21100"}],"wp:attachment":[{"href":"https:\/\/staging.nbg.eu\/de\/wp-json\/wp\/v2\/media?parent=36341"}],"wp:term":[{"taxonomy":"product_brand","embeddable":true,"href":"https:\/\/staging.nbg.eu\/de\/wp-json\/wp\/v2\/product_brand?post=36341"},{"taxonomy":"product_cat","embeddable":true,"href":"https:\/\/staging.nbg.eu\/de\/wp-json\/wp\/v2\/product_cat?post=36341"},{"taxonomy":"product_tag","embeddable":true,"href":"https:\/\/staging.nbg.eu\/de\/wp-json\/wp\/v2\/product_tag?post=36341"}],"curies":[{"name":"wp","href":"https:\/\/api.w.org\/{rel}","templated":true}]}}