{"id":35571,"date":"2024-07-30T14:27:38","date_gmt":"2024-09-02T13:33:18","guid":{"rendered":"https:\/\/staging.nbg.eu\/product\/blueforcegear-grid-belt\/"},"modified":"2024-09-02T13:34:12","modified_gmt":"2024-09-02T13:34:12","slug":"blueforcegear-grid-guertel","status":"publish","type":"product","link":"https:\/\/staging.nbg.eu\/de\/produkt\/blueforcegear-grid-guertel\/","title":{"rendered":"BlueForceGear GRID\u2122 G\u00fcrtel"},"content":{"rendered":"<p>Der BlueForceGear GRID\u2122 G\u00fcrtel ist ein vielseitiger und robuster taktischer G\u00fcrtel, der f\u00fcr maximalen Komfort und Funktionalit\u00e4t entwickelt wurde. Mit dem innovativen MOLLE-kompatiblen GRID\u2122-System erm\u00f6glicht dieser G\u00fcrtel eine individuell anpassbare Befestigung von Taschen und Zubeh\u00f6r. Gefertigt aus langlebigen Materialien bietet er \u00fcberlegene St\u00e4rke und Haltbarkeit.<\/p>\n<ul>\n<li>Leichtes, aber stabiles Design<\/li>\n<li>Schnellverschluss-Cobra-Schnalle f\u00fcr einfaches An- und Ausziehen<\/li>\n<li>Verstellbar f\u00fcr eine perfekte Passform<\/li>\n<li>Kompatibel mit Dienst- und verdeckten Holstern<\/li>\n<li>Erh\u00e4ltlich in verschiedenen Farben und Gr\u00f6\u00dfen<\/li>\n<\/ul>\n<p>Erleben Sie un\u00fcbertroffene Unterst\u00fctzung und Flexibilit\u00e4t mit dem BlueForceGear GRID\u2122 G\u00fcrtel, ideal f\u00fcr Strafverfolgungsbeh\u00f6rden, Milit\u00e4rpersonal und taktische Enthusiasten.<\/p>\n","protected":false},"excerpt":{"rendered":"<p>Langlebiger, flacher taktischer G\u00fcrtel f\u00fcr vielseitige Ausr\u00fcstungsbefestigung.<\/p>\n","protected":false},"featured_media":21411,"template":"","meta":{"_acf_changed":false},"product_brand":[11129],"product_cat":[12074,12093],"product_tag":[],"class_list":{"0":"post-35571","1":"product","2":"type-product","3":"status-publish","4":"has-post-thumbnail","6":"product_brand-blue-force-gear","7":"product_cat-ausruestung","8":"product_cat-taktische-guertel","10":"first","11":"instock","12":"taxable","13":"shipping-taxable","14":"purchasable","15":"product-type-variable","16":"wvs-archive-product-wrapper"},"acf":[],"_links":{"self":[{"href":"https:\/\/staging.nbg.eu\/de\/wp-json\/wp\/v2\/product\/35571","targetHints":{"allow":["GET"]}}],"collection":[{"href":"https:\/\/staging.nbg.eu\/de\/wp-json\/wp\/v2\/product"}],"about":[{"href":"https:\/\/staging.nbg.eu\/de\/wp-json\/wp\/v2\/types\/product"}],"wp:featuredmedia":[{"embeddable":true,"href":"https:\/\/staging.nbg.eu\/de\/wp-json\/wp\/v2\/media\/21411"}],"wp:attachment":[{"href":"https:\/\/staging.nbg.eu\/de\/wp-json\/wp\/v2\/media?parent=35571"}],"wp:term":[{"taxonomy":"product_brand","embeddable":true,"href":"https:\/\/staging.nbg.eu\/de\/wp-json\/wp\/v2\/product_brand?post=35571"},{"taxonomy":"product_cat","embeddable":true,"href":"https:\/\/staging.nbg.eu\/de\/wp-json\/wp\/v2\/product_cat?post=35571"},{"taxonomy":"product_tag","embeddable":true,"href":"https:\/\/staging.nbg.eu\/de\/wp-json\/wp\/v2\/product_tag?post=35571"}],"curies":[{"name":"wp","href":"https:\/\/api.w.org\/{rel}","templated":true}]}}