{"id":34653,"date":"2024-07-30T19:26:43","date_gmt":"2024-08-27T14:30:02","guid":{"rendered":"https:\/\/staging.nbg.eu\/product\/mag-now-triple-m4-pouch\/"},"modified":"2024-08-27T14:30:55","modified_gmt":"2024-08-27T14:30:55","slug":"mag-now-triple-m4-magazintasche","status":"publish","type":"product","link":"https:\/\/staging.nbg.eu\/de\/produkt\/mag-now-triple-m4-magazintasche\/","title":{"rendered":"# MAG NOW! TRIPLE M4 MAGAZINTASCHE"},"content":{"rendered":"<p>Der <strong>MAG NOW! TRIPLE M4 POUCH<\/strong> von BlueForceGear ist ein leistungsstarker Magazintr\u00e4ger, der f\u00fcr taktische Profis und Enthusiasten entwickelt wurde. Zu den Merkmalen geh\u00f6ren:<\/p>\n<ul>\n<li>Fasst drei 30-Schuss M4\/AR-15 Magazine sicher<\/li>\n<li>Langlebige Konstruktion aus 500D Cordura-Nylon<\/li>\n<li>Helium Whisper Befestigungssystem f\u00fcr leichte MOLLE-Kompatibilit\u00e4t<\/li>\n<li>Schnellzugriff-Gummibandhalterungen<\/li>\n<li>Flaches Design f\u00fcr geringeres Volumen<\/li>\n<li>In mehreren Farben erh\u00e4ltlich, um zu Ihrer Ausr\u00fcstung zu passen<\/li>\n<\/ul>\n<p>Verbessern Sie Ihre Ausr\u00fcstung mit dieser vielseitigen, zuverl\u00e4ssigen Tasche, die schnelle Magazinwechsel gew\u00e4hrleistet, wenn es auf jede Sekunde ankommt.<\/p>\n","protected":false},"excerpt":{"rendered":"<p>Sichere dreifache M4-Magazintasche. Schneller Zugriff. Langlebiges Design.<\/p>\n","protected":false},"featured_media":21109,"template":"","meta":{"_acf_changed":false},"product_brand":[11129],"product_cat":[12074,12050,12065],"product_tag":[],"class_list":{"0":"post-34653","1":"product","2":"type-product","3":"status-publish","4":"has-post-thumbnail","6":"product_brand-blue-force-gear","7":"product_cat-ausruestung","8":"product_cat-magazinhalter","9":"product_cat-taschen","11":"first","12":"instock","13":"taxable","14":"shipping-taxable","15":"purchasable","16":"product-type-variable","17":"wvs-archive-product-wrapper"},"acf":[],"_links":{"self":[{"href":"https:\/\/staging.nbg.eu\/de\/wp-json\/wp\/v2\/product\/34653","targetHints":{"allow":["GET"]}}],"collection":[{"href":"https:\/\/staging.nbg.eu\/de\/wp-json\/wp\/v2\/product"}],"about":[{"href":"https:\/\/staging.nbg.eu\/de\/wp-json\/wp\/v2\/types\/product"}],"wp:featuredmedia":[{"embeddable":true,"href":"https:\/\/staging.nbg.eu\/de\/wp-json\/wp\/v2\/media\/21109"}],"wp:attachment":[{"href":"https:\/\/staging.nbg.eu\/de\/wp-json\/wp\/v2\/media?parent=34653"}],"wp:term":[{"taxonomy":"product_brand","embeddable":true,"href":"https:\/\/staging.nbg.eu\/de\/wp-json\/wp\/v2\/product_brand?post=34653"},{"taxonomy":"product_cat","embeddable":true,"href":"https:\/\/staging.nbg.eu\/de\/wp-json\/wp\/v2\/product_cat?post=34653"},{"taxonomy":"product_tag","embeddable":true,"href":"https:\/\/staging.nbg.eu\/de\/wp-json\/wp\/v2\/product_tag?post=34653"}],"curies":[{"name":"wp","href":"https:\/\/api.w.org\/{rel}","templated":true}]}}