{"id":34461,"date":"2024-07-30T19:30:06","date_gmt":"2024-08-27T14:17:57","guid":{"rendered":"https:\/\/staging.nbg.eu\/product\/admin-pouch\/"},"modified":"2024-08-27T14:19:04","modified_gmt":"2024-08-27T14:19:04","slug":"admin-tasche","status":"publish","type":"product","link":"https:\/\/staging.nbg.eu\/de\/produkt\/admin-tasche\/","title":{"rendered":"Admin-Tasche"},"content":{"rendered":"<div class=\"product-description\">\n<h2>BlueForceGear Admin-Tasche<\/h2>\n<p>Bleiben Sie im Einsatz organisiert mit der BlueForceGear Admin-Tasche. Diese vielseitige Tasche ist perfekt f\u00fcr die Aufbewahrung und den Zugriff auf wichtige Ausr\u00fcstung:<\/p>\n<ul>\n<li>Langlebige 500D Cordura-Konstruktion<\/li>\n<li>MOLLE-kompatibel f\u00fcr einfache Befestigung<\/li>\n<li>Mehrere Innentaschen und elastische Schlaufen<\/li>\n<li>Sicherer Rei\u00dfverschluss<\/li>\n<li>In verschiedenen Farben erh\u00e4ltlich<\/li>\n<\/ul>\n<p>Ideal f\u00fcr Milit\u00e4r, Strafverfolgungsbeh\u00f6rden und Outdoor-Enthusiasten. Halten Sie Ihre Verwaltungsartikel organisiert und leicht zug\u00e4nglich mit dieser robusten, funktionalen Tasche.<\/p>\n<\/div>\n","protected":false},"excerpt":{"rendered":"<p>Kompakte, vielseitige Verwaltungstasche zur Organisation wichtiger Ausr\u00fcstung unterwegs.<\/p>\n","protected":false},"featured_media":21079,"template":"","meta":{"_acf_changed":false},"product_brand":[11129],"product_cat":[12074,12065],"product_tag":[],"class_list":{"0":"post-34461","1":"product","2":"type-product","3":"status-publish","4":"has-post-thumbnail","6":"product_brand-blue-force-gear","7":"product_cat-ausruestung","8":"product_cat-taschen","10":"first","11":"instock","12":"taxable","13":"shipping-taxable","14":"purchasable","15":"product-type-variable","16":"wvs-archive-product-wrapper"},"acf":[],"_links":{"self":[{"href":"https:\/\/staging.nbg.eu\/de\/wp-json\/wp\/v2\/product\/34461","targetHints":{"allow":["GET"]}}],"collection":[{"href":"https:\/\/staging.nbg.eu\/de\/wp-json\/wp\/v2\/product"}],"about":[{"href":"https:\/\/staging.nbg.eu\/de\/wp-json\/wp\/v2\/types\/product"}],"wp:featuredmedia":[{"embeddable":true,"href":"https:\/\/staging.nbg.eu\/de\/wp-json\/wp\/v2\/media\/21079"}],"wp:attachment":[{"href":"https:\/\/staging.nbg.eu\/de\/wp-json\/wp\/v2\/media?parent=34461"}],"wp:term":[{"taxonomy":"product_brand","embeddable":true,"href":"https:\/\/staging.nbg.eu\/de\/wp-json\/wp\/v2\/product_brand?post=34461"},{"taxonomy":"product_cat","embeddable":true,"href":"https:\/\/staging.nbg.eu\/de\/wp-json\/wp\/v2\/product_cat?post=34461"},{"taxonomy":"product_tag","embeddable":true,"href":"https:\/\/staging.nbg.eu\/de\/wp-json\/wp\/v2\/product_tag?post=34461"}],"curies":[{"name":"wp","href":"https:\/\/api.w.org\/{rel}","templated":true}]}}