{"id":33695,"date":"2024-07-30T19:33:04","date_gmt":"2024-08-27T13:14:15","guid":{"rendered":"https:\/\/staging.nbg.eu\/product\/mag-now-single-pistol-pouch-bullets-flat\/"},"modified":"2024-08-27T13:15:17","modified_gmt":"2024-08-27T13:15:17","slug":"mag-now-einzelne-pistolen-magazintasche-patronen-flach","status":"publish","type":"product","link":"https:\/\/staging.nbg.eu\/de\/produkt\/mag-now-einzelne-pistolen-magazintasche-patronen-flach\/","title":{"rendered":"MAG NOW! Einzelne Pistolen-Magazintasche (Patronen Flach)"},"content":{"rendered":"<p>\nDie <strong>MAG NOW! EINZELNE PISTOLENTASCHE (PATRONEN FLACH)<\/strong> von Blue Force Gear ist eine vielseitige und langlebige L\u00f6sung zum Tragen Ihres Pistolenmagazins. Sie bietet:<\/p>\n<ul>\n<li>Flaches Design f\u00fcr unauff\u00e4lliges Tragen<\/li>\n<li>Sichere Halterung mit Schnellverschluss-Funktion<\/li>\n<li>Kompatibel mit den meisten Double-Stack-Pistolenmagazinen<\/li>\n<li>Leichte ULTRAcomp-Konstruktion<\/li>\n<li>MOLLE\/PALS-kompatibel<\/li>\n<li>In mehreren Farben erh\u00e4ltlich<\/li>\n<\/ul>\n<p>Perfekt f\u00fcr milit\u00e4rische, polizeiliche und zivile Anwendungen bietet diese Tasche schnellen Zugriff und zuverl\u00e4ssige Leistung in jeder Situation. R\u00fcsten Sie Ihre Ausr\u00fcstung mit dem innovativen Design von Blue Force Gear auf.<\/p>\n","protected":false},"excerpt":{"rendered":"<p>Schlanke, sichere Pistolenmagazintasche. Flache Patronen. Schnellzugriffsdesign.<\/p>\n","protected":false},"featured_media":21006,"template":"","meta":{"_acf_changed":false},"product_brand":[11129],"product_cat":[12074,12065],"product_tag":[],"class_list":{"0":"post-33695","1":"product","2":"type-product","3":"status-publish","4":"has-post-thumbnail","6":"product_brand-blue-force-gear","7":"product_cat-ausruestung","8":"product_cat-taschen","10":"first","11":"instock","12":"taxable","13":"shipping-taxable","14":"purchasable","15":"product-type-variable","16":"wvs-archive-product-wrapper"},"acf":[],"_links":{"self":[{"href":"https:\/\/staging.nbg.eu\/de\/wp-json\/wp\/v2\/product\/33695","targetHints":{"allow":["GET"]}}],"collection":[{"href":"https:\/\/staging.nbg.eu\/de\/wp-json\/wp\/v2\/product"}],"about":[{"href":"https:\/\/staging.nbg.eu\/de\/wp-json\/wp\/v2\/types\/product"}],"wp:featuredmedia":[{"embeddable":true,"href":"https:\/\/staging.nbg.eu\/de\/wp-json\/wp\/v2\/media\/21006"}],"wp:attachment":[{"href":"https:\/\/staging.nbg.eu\/de\/wp-json\/wp\/v2\/media?parent=33695"}],"wp:term":[{"taxonomy":"product_brand","embeddable":true,"href":"https:\/\/staging.nbg.eu\/de\/wp-json\/wp\/v2\/product_brand?post=33695"},{"taxonomy":"product_cat","embeddable":true,"href":"https:\/\/staging.nbg.eu\/de\/wp-json\/wp\/v2\/product_cat?post=33695"},{"taxonomy":"product_tag","embeddable":true,"href":"https:\/\/staging.nbg.eu\/de\/wp-json\/wp\/v2\/product_tag?post=33695"}],"curies":[{"name":"wp","href":"https:\/\/api.w.org\/{rel}","templated":true}]}}